{"id":885,"date":"2020-03-29T16:04:35","date_gmt":"2020-03-29T16:04:35","guid":{"rendered":"https:\/\/blog.meusebach.de\/?page_id=885"},"modified":"2023-06-05T16:31:31","modified_gmt":"2023-06-05T16:31:31","slug":"tulpenbaum","status":"publish","type":"page","link":"https:\/\/ts.meusebach.de\/?page_id=885","title":{"rendered":"Tulpenbaum"},"content":{"rendered":"<p>Mitten in Meusebach, am S\u00fcdgiebel des \u201cAlten Forsthauses\u201d, steht ein vermutlich zwischen 1750 und 1800 gepflanzter Tulpenbaum (<i>Liriodendron Tulipifera)<\/i>, der jedes Jahr Anfang Juni in voller Bl\u00fcte steht. Vermutlich hat ihn der <a href=\"https:\/\/02.meusebach.de\/html\/wildmeister_.html\">Wildmeister Heinrich Jobst J\u00e4ger.<\/a><\/p>\n<p>Der Tulpenbaum ist ein gesch\u00fctztes Naturdenkmal.<br \/>\nSeine H\u00f6he betr\u00e4gt ca. 22 m und sein Stamm hat in 2m H\u00f6he einen Umfang von 3,08m.<br \/>\nDiese Angaben richten sich nach einer Messung aus dem Jahre 2003.<\/p>\n<div id='gallery-1' class='gallery galleryid-885 gallery-columns-2 gallery-size-large'><figure class='gallery-item'>\n\t\t\t<div class='gallery-icon portrait'>\n\t\t\t\t<img loading=\"lazy\" decoding=\"async\" width=\"671\" height=\"1024\" src=\"https:\/\/ts.meusebach.de\/wp-content\/uploads\/2020\/03\/Tulpenbaum_0a-1-671x1024.jpg\" class=\"attachment-large size-large\" alt=\"\" srcset=\"https:\/\/ts.meusebach.de\/wp-content\/uploads\/2020\/03\/Tulpenbaum_0a-1-671x1024.jpg 671w, https:\/\/ts.meusebach.de\/wp-content\/uploads\/2020\/03\/Tulpenbaum_0a-1-197x300.jpg 197w, https:\/\/ts.meusebach.de\/wp-content\/uploads\/2020\/03\/Tulpenbaum_0a-1-768x1172.jpg 768w, https:\/\/ts.meusebach.de\/wp-content\/uploads\/2020\/03\/Tulpenbaum_0a-1.jpg 800w\" sizes=\"auto, (max-width: 671px) 100vw, 671px\" \/>\n\t\t\t<\/div><\/figure><figure class='gallery-item'>\n\t\t\t<div class='gallery-icon portrait'>\n\t\t\t\t<img loading=\"lazy\" decoding=\"async\" width=\"741\" height=\"1024\" src=\"https:\/\/ts.meusebach.de\/wp-content\/uploads\/2020\/03\/Tulpenbaum_1-1-741x1024.jpg\" class=\"attachment-large size-large\" alt=\"\" srcset=\"https:\/\/ts.meusebach.de\/wp-content\/uploads\/2020\/03\/Tulpenbaum_1-1-741x1024.jpg 741w, https:\/\/ts.meusebach.de\/wp-content\/uploads\/2020\/03\/Tulpenbaum_1-1-217x300.jpg 217w, https:\/\/ts.meusebach.de\/wp-content\/uploads\/2020\/03\/Tulpenbaum_1-1-768x1062.jpg 768w, https:\/\/ts.meusebach.de\/wp-content\/uploads\/2020\/03\/Tulpenbaum_1-1.jpg 800w\" sizes=\"auto, (max-width: 741px) 100vw, 741px\" \/>\n\t\t\t<\/div><\/figure><figure class='gallery-item'>\n\t\t\t<div class='gallery-icon landscape'>\n\t\t\t\t<img loading=\"lazy\" decoding=\"async\" width=\"750\" height=\"574\" src=\"https:\/\/ts.meusebach.de\/wp-content\/uploads\/2020\/03\/Tulpenbaum_2-1.jpg\" class=\"attachment-large size-large\" alt=\"\" srcset=\"https:\/\/ts.meusebach.de\/wp-content\/uploads\/2020\/03\/Tulpenbaum_2-1.jpg 800w, https:\/\/ts.meusebach.de\/wp-content\/uploads\/2020\/03\/Tulpenbaum_2-1-300x230.jpg 300w, https:\/\/ts.meusebach.de\/wp-content\/uploads\/2020\/03\/Tulpenbaum_2-1-768x588.jpg 768w\" sizes=\"auto, (max-width: 750px) 100vw, 750px\" \/>\n\t\t\t<\/div><\/figure><figure class='gallery-item'>\n\t\t\t<div class='gallery-icon landscape'>\n\t\t\t\t<img loading=\"lazy\" decoding=\"async\" width=\"750\" height=\"723\" src=\"https:\/\/ts.meusebach.de\/wp-content\/uploads\/2020\/03\/Tulpenbaum_3-1.jpg\" class=\"attachment-large size-large\" alt=\"\" srcset=\"https:\/\/ts.meusebach.de\/wp-content\/uploads\/2020\/03\/Tulpenbaum_3-1.jpg 800w, https:\/\/ts.meusebach.de\/wp-content\/uploads\/2020\/03\/Tulpenbaum_3-1-300x289.jpg 300w, https:\/\/ts.meusebach.de\/wp-content\/uploads\/2020\/03\/Tulpenbaum_3-1-768x740.jpg 768w\" sizes=\"auto, (max-width: 750px) 100vw, 750px\" \/>\n\t\t\t<\/div><\/figure><figure class='gallery-item'>\n\t\t\t<div class='gallery-icon portrait'>\n\t\t\t\t<img loading=\"lazy\" decoding=\"async\" width=\"750\" height=\"994\" src=\"https:\/\/ts.meusebach.de\/wp-content\/uploads\/2020\/03\/Tulpenbaum_4-1-773x1024.jpg\" class=\"attachment-large size-large\" alt=\"\" srcset=\"https:\/\/ts.meusebach.de\/wp-content\/uploads\/2020\/03\/Tulpenbaum_4-1-773x1024.jpg 773w, https:\/\/ts.meusebach.de\/wp-content\/uploads\/2020\/03\/Tulpenbaum_4-1-226x300.jpg 226w, https:\/\/ts.meusebach.de\/wp-content\/uploads\/2020\/03\/Tulpenbaum_4-1-768x1018.jpg 768w, https:\/\/ts.meusebach.de\/wp-content\/uploads\/2020\/03\/Tulpenbaum_4-1.jpg 800w\" sizes=\"auto, (max-width: 750px) 100vw, 750px\" \/>\n\t\t\t<\/div><\/figure><figure class='gallery-item'>\n\t\t\t<div class='gallery-icon landscape'>\n\t\t\t\t<img loading=\"lazy\" decoding=\"async\" width=\"750\" height=\"567\" src=\"https:\/\/ts.meusebach.de\/wp-content\/uploads\/2020\/03\/Tulpenbaum_5-1.jpg\" class=\"attachment-large size-large\" alt=\"\" srcset=\"https:\/\/ts.meusebach.de\/wp-content\/uploads\/2020\/03\/Tulpenbaum_5-1.jpg 800w, https:\/\/ts.meusebach.de\/wp-content\/uploads\/2020\/03\/Tulpenbaum_5-1-300x227.jpg 300w, https:\/\/ts.meusebach.de\/wp-content\/uploads\/2020\/03\/Tulpenbaum_5-1-768x581.jpg 768w, https:\/\/ts.meusebach.de\/wp-content\/uploads\/2020\/03\/Tulpenbaum_5-1-100x75.jpg 100w\" sizes=\"auto, (max-width: 750px) 100vw, 750px\" \/>\n\t\t\t<\/div><\/figure><figure class='gallery-item'>\n\t\t\t<div class='gallery-icon landscape'>\n\t\t\t\t<img loading=\"lazy\" decoding=\"async\" width=\"750\" height=\"513\" src=\"https:\/\/ts.meusebach.de\/wp-content\/uploads\/2020\/03\/Tulpenbaum_6-1.jpg\" class=\"attachment-large size-large\" alt=\"\" srcset=\"https:\/\/ts.meusebach.de\/wp-content\/uploads\/2020\/03\/Tulpenbaum_6-1.jpg 800w, https:\/\/ts.meusebach.de\/wp-content\/uploads\/2020\/03\/Tulpenbaum_6-1-300x205.jpg 300w, https:\/\/ts.meusebach.de\/wp-content\/uploads\/2020\/03\/Tulpenbaum_6-1-768x525.jpg 768w\" sizes=\"auto, (max-width: 750px) 100vw, 750px\" \/>\n\t\t\t<\/div><\/figure><figure class='gallery-item'>\n\t\t\t<div class='gallery-icon landscape'>\n\t\t\t\t<img loading=\"lazy\" decoding=\"async\" width=\"750\" height=\"581\" src=\"https:\/\/ts.meusebach.de\/wp-content\/uploads\/2020\/03\/Tulpenbaum_7-1.jpg\" class=\"attachment-large size-large\" alt=\"\" srcset=\"https:\/\/ts.meusebach.de\/wp-content\/uploads\/2020\/03\/Tulpenbaum_7-1.jpg 800w, https:\/\/ts.meusebach.de\/wp-content\/uploads\/2020\/03\/Tulpenbaum_7-1-300x233.jpg 300w, https:\/\/ts.meusebach.de\/wp-content\/uploads\/2020\/03\/Tulpenbaum_7-1-768x595.jpg 768w\" sizes=\"auto, (max-width: 750px) 100vw, 750px\" \/>\n\t\t\t<\/div><\/figure><figure class='gallery-item'>\n\t\t\t<div class='gallery-icon portrait'>\n\t\t\t\t<img loading=\"lazy\" decoding=\"async\" width=\"683\" height=\"1024\" src=\"https:\/\/ts.meusebach.de\/wp-content\/uploads\/2020\/03\/Tulpenbaum_8-1-683x1024.jpg\" class=\"attachment-large size-large\" alt=\"\" srcset=\"https:\/\/ts.meusebach.de\/wp-content\/uploads\/2020\/03\/Tulpenbaum_8-1-683x1024.jpg 683w, https:\/\/ts.meusebach.de\/wp-content\/uploads\/2020\/03\/Tulpenbaum_8-1-200x300.jpg 200w, https:\/\/ts.meusebach.de\/wp-content\/uploads\/2020\/03\/Tulpenbaum_8-1-768x1152.jpg 768w, https:\/\/ts.meusebach.de\/wp-content\/uploads\/2020\/03\/Tulpenbaum_8-1.jpg 800w\" sizes=\"auto, (max-width: 683px) 100vw, 683px\" \/>\n\t\t\t<\/div><\/figure><figure class='gallery-item'>\n\t\t\t<div class='gallery-icon portrait'>\n\t\t\t\t<img loading=\"lazy\" decoding=\"async\" width=\"750\" height=\"907\" src=\"https:\/\/ts.meusebach.de\/wp-content\/uploads\/2020\/03\/Tulpenbaum_9-1.jpg\" class=\"attachment-large size-large\" alt=\"\" srcset=\"https:\/\/ts.meusebach.de\/wp-content\/uploads\/2020\/03\/Tulpenbaum_9-1.jpg 800w, https:\/\/ts.meusebach.de\/wp-content\/uploads\/2020\/03\/Tulpenbaum_9-1-248x300.jpg 248w, https:\/\/ts.meusebach.de\/wp-content\/uploads\/2020\/03\/Tulpenbaum_9-1-768x928.jpg 768w\" sizes=\"auto, (max-width: 750px) 100vw, 750px\" \/>\n\t\t\t<\/div><\/figure><figure class='gallery-item'>\n\t\t\t<div class='gallery-icon landscape'>\n\t\t\t\t<img loading=\"lazy\" decoding=\"async\" width=\"750\" height=\"562\" src=\"https:\/\/ts.meusebach.de\/wp-content\/uploads\/2020\/03\/Tulpenbaum_9a-1.jpg\" class=\"attachment-large size-large\" alt=\"\" srcset=\"https:\/\/ts.meusebach.de\/wp-content\/uploads\/2020\/03\/Tulpenbaum_9a-1.jpg 800w, https:\/\/ts.meusebach.de\/wp-content\/uploads\/2020\/03\/Tulpenbaum_9a-1-300x225.jpg 300w, https:\/\/ts.meusebach.de\/wp-content\/uploads\/2020\/03\/Tulpenbaum_9a-1-768x575.jpg 768w, https:\/\/ts.meusebach.de\/wp-content\/uploads\/2020\/03\/Tulpenbaum_9a-1-100x75.jpg 100w\" sizes=\"auto, (max-width: 750px) 100vw, 750px\" \/>\n\t\t\t<\/div><\/figure><figure class='gallery-item'>\n\t\t\t<div class='gallery-icon landscape'>\n\t\t\t\t<img loading=\"lazy\" decoding=\"async\" width=\"750\" height=\"584\" src=\"https:\/\/ts.meusebach.de\/wp-content\/uploads\/2020\/03\/Tulpenbaum_10-1-1024x798.jpg\" class=\"attachment-large size-large\" alt=\"\" srcset=\"https:\/\/ts.meusebach.de\/wp-content\/uploads\/2020\/03\/Tulpenbaum_10-1-1024x798.jpg 1024w, https:\/\/ts.meusebach.de\/wp-content\/uploads\/2020\/03\/Tulpenbaum_10-1-300x234.jpg 300w, https:\/\/ts.meusebach.de\/wp-content\/uploads\/2020\/03\/Tulpenbaum_10-1-768x598.jpg 768w, https:\/\/ts.meusebach.de\/wp-content\/uploads\/2020\/03\/Tulpenbaum_10-1-1536x1197.jpg 1536w, https:\/\/ts.meusebach.de\/wp-content\/uploads\/2020\/03\/Tulpenbaum_10-1-2048x1596.jpg 2048w\" sizes=\"auto, (max-width: 750px) 100vw, 750px\" \/>\n\t\t\t<\/div><\/figure><figure class='gallery-item'>\n\t\t\t<div class='gallery-icon landscape'>\n\t\t\t\t<img loading=\"lazy\" decoding=\"async\" width=\"750\" height=\"500\" src=\"https:\/\/ts.meusebach.de\/wp-content\/uploads\/2020\/03\/Tulpenbaum_11.jpg\" class=\"attachment-large size-large\" alt=\"\" srcset=\"https:\/\/ts.meusebach.de\/wp-content\/uploads\/2020\/03\/Tulpenbaum_11.jpg 800w, https:\/\/ts.meusebach.de\/wp-content\/uploads\/2020\/03\/Tulpenbaum_11-300x200.jpg 300w, https:\/\/ts.meusebach.de\/wp-content\/uploads\/2020\/03\/Tulpenbaum_11-768x512.jpg 768w, https:\/\/ts.meusebach.de\/wp-content\/uploads\/2020\/03\/Tulpenbaum_11-420x280.jpg 420w\" sizes=\"auto, (max-width: 750px) 100vw, 750px\" \/>\n\t\t\t<\/div><\/figure>\n\t\t<\/div>\n\n","protected":false},"excerpt":{"rendered":"<p>Mitten in Meusebach, am S\u00fcdgiebel des \u201cAlten Forsthauses\u201d, steht ein vermutlich zwischen 1750 und 1800 gepflanzter Tulpenbaum (Liriodendron Tulipifera), der jedes Jahr Anfang Juni in<\/p>\n","protected":false},"author":1,"featured_media":0,"parent":849,"menu_order":0,"comment_status":"closed","ping_status":"closed","template":"template-fullwidth.php","meta":{"spay_email":"","footnotes":""},"class_list":["post-885","page","type-page","status-publish","hentry"],"_links":{"self":[{"href":"https:\/\/ts.meusebach.de\/index.php?rest_route=\/wp\/v2\/pages\/885","targetHints":{"allow":["GET"]}}],"collection":[{"href":"https:\/\/ts.meusebach.de\/index.php?rest_route=\/wp\/v2\/pages"}],"about":[{"href":"https:\/\/ts.meusebach.de\/index.php?rest_route=\/wp\/v2\/types\/page"}],"author":[{"embeddable":true,"href":"https:\/\/ts.meusebach.de\/index.php?rest_route=\/wp\/v2\/users\/1"}],"replies":[{"embeddable":true,"href":"https:\/\/ts.meusebach.de\/index.php?rest_route=%2Fwp%2Fv2%2Fcomments&post=885"}],"version-history":[{"count":5,"href":"https:\/\/ts.meusebach.de\/index.php?rest_route=\/wp\/v2\/pages\/885\/revisions"}],"predecessor-version":[{"id":1469,"href":"https:\/\/ts.meusebach.de\/index.php?rest_route=\/wp\/v2\/pages\/885\/revisions\/1469"}],"up":[{"embeddable":true,"href":"https:\/\/ts.meusebach.de\/index.php?rest_route=\/wp\/v2\/pages\/849"}],"wp:attachment":[{"href":"https:\/\/ts.meusebach.de\/index.php?rest_route=%2Fwp%2Fv2%2Fmedia&parent=885"}],"curies":[{"name":"wp","href":"https:\/\/api.w.org\/{rel}","templated":true}]}}