{"id":784,"date":"2019-11-13T18:40:10","date_gmt":"2019-11-13T18:40:10","guid":{"rendered":"https:\/\/blog.meusebach.de\/?page_id=784"},"modified":"2019-11-13T18:40:10","modified_gmt":"2019-11-13T18:40:10","slug":"familienwanderung-2019","status":"publish","type":"page","link":"https:\/\/ts.meusebach.de\/?page_id=784","title":{"rendered":"Familienwanderung 2019"},"content":{"rendered":"<p>In diesem Jahr f\u00fchrte unsere Familienwanderung Anfang Oktober in Richtung Haselanger und dann in Richtung Jagdh\u00fctte. Am Haselangerteich, bzw. an dem was nach dem trockenen Sommer davon \u00fcbrig blieb, gab es wieder eine Rast. Den R\u00fcckweg bew\u00e4ltigten dann doch alle lieber mit dem Shuttle-Bus. Trotz leichtem Nieselregen waren alle Teilnehmer guter Laune und auch das Filmteam k\u00e4mpfte sich durch die nicht imm leichten Bedingungen.<\/p>\n<div id='gallery-1' class='gallery galleryid-784 gallery-columns-2 gallery-size-large'><figure class='gallery-item'>\n\t\t\t<div class='gallery-icon landscape'>\n\t\t\t\t<a href='https:\/\/ts.meusebach.de\/wp-content\/uploads\/2019\/11\/Fam_Wadrg_2019_2.jpg'><img loading=\"lazy\" decoding=\"async\" width=\"750\" height=\"563\" src=\"https:\/\/ts.meusebach.de\/wp-content\/uploads\/2019\/11\/Fam_Wadrg_2019_2.jpg\" class=\"attachment-large size-large\" alt=\"\" srcset=\"https:\/\/ts.meusebach.de\/wp-content\/uploads\/2019\/11\/Fam_Wadrg_2019_2.jpg 800w, https:\/\/ts.meusebach.de\/wp-content\/uploads\/2019\/11\/Fam_Wadrg_2019_2-300x225.jpg 300w, https:\/\/ts.meusebach.de\/wp-content\/uploads\/2019\/11\/Fam_Wadrg_2019_2-768x576.jpg 768w, https:\/\/ts.meusebach.de\/wp-content\/uploads\/2019\/11\/Fam_Wadrg_2019_2-100x75.jpg 100w\" sizes=\"auto, (max-width: 750px) 100vw, 750px\" \/><\/a>\n\t\t\t<\/div><\/figure><figure class='gallery-item'>\n\t\t\t<div class='gallery-icon landscape'>\n\t\t\t\t<a href='https:\/\/ts.meusebach.de\/wp-content\/uploads\/2019\/11\/Fam_Wadrg_2019_3.jpg'><img loading=\"lazy\" decoding=\"async\" width=\"750\" height=\"533\" src=\"https:\/\/ts.meusebach.de\/wp-content\/uploads\/2019\/11\/Fam_Wadrg_2019_3.jpg\" class=\"attachment-large size-large\" alt=\"\" srcset=\"https:\/\/ts.meusebach.de\/wp-content\/uploads\/2019\/11\/Fam_Wadrg_2019_3.jpg 800w, https:\/\/ts.meusebach.de\/wp-content\/uploads\/2019\/11\/Fam_Wadrg_2019_3-300x213.jpg 300w, https:\/\/ts.meusebach.de\/wp-content\/uploads\/2019\/11\/Fam_Wadrg_2019_3-768x546.jpg 768w\" sizes=\"auto, (max-width: 750px) 100vw, 750px\" \/><\/a>\n\t\t\t<\/div><\/figure><figure class='gallery-item'>\n\t\t\t<div class='gallery-icon landscape'>\n\t\t\t\t<a href='https:\/\/ts.meusebach.de\/wp-content\/uploads\/2019\/11\/Fam_Wadrg_2019_4.jpg'><img loading=\"lazy\" decoding=\"async\" width=\"750\" height=\"581\" src=\"https:\/\/ts.meusebach.de\/wp-content\/uploads\/2019\/11\/Fam_Wadrg_2019_4.jpg\" class=\"attachment-large size-large\" alt=\"\" srcset=\"https:\/\/ts.meusebach.de\/wp-content\/uploads\/2019\/11\/Fam_Wadrg_2019_4.jpg 800w, https:\/\/ts.meusebach.de\/wp-content\/uploads\/2019\/11\/Fam_Wadrg_2019_4-300x233.jpg 300w, https:\/\/ts.meusebach.de\/wp-content\/uploads\/2019\/11\/Fam_Wadrg_2019_4-768x595.jpg 768w\" sizes=\"auto, (max-width: 750px) 100vw, 750px\" \/><\/a>\n\t\t\t<\/div><\/figure><figure class='gallery-item'>\n\t\t\t<div class='gallery-icon landscape'>\n\t\t\t\t<a href='https:\/\/ts.meusebach.de\/wp-content\/uploads\/2019\/11\/Fam_Wadrg_2019_5.jpg'><img loading=\"lazy\" decoding=\"async\" width=\"750\" height=\"552\" src=\"https:\/\/ts.meusebach.de\/wp-content\/uploads\/2019\/11\/Fam_Wadrg_2019_5.jpg\" class=\"attachment-large size-large\" alt=\"\" srcset=\"https:\/\/ts.meusebach.de\/wp-content\/uploads\/2019\/11\/Fam_Wadrg_2019_5.jpg 800w, https:\/\/ts.meusebach.de\/wp-content\/uploads\/2019\/11\/Fam_Wadrg_2019_5-300x221.jpg 300w, https:\/\/ts.meusebach.de\/wp-content\/uploads\/2019\/11\/Fam_Wadrg_2019_5-768x565.jpg 768w, https:\/\/ts.meusebach.de\/wp-content\/uploads\/2019\/11\/Fam_Wadrg_2019_5-100x75.jpg 100w\" sizes=\"auto, (max-width: 750px) 100vw, 750px\" \/><\/a>\n\t\t\t<\/div><\/figure><figure class='gallery-item'>\n\t\t\t<div class='gallery-icon landscape'>\n\t\t\t\t<a href='https:\/\/ts.meusebach.de\/wp-content\/uploads\/2019\/11\/Fam_Wadrg_2019_6.jpg'><img loading=\"lazy\" decoding=\"async\" width=\"750\" height=\"466\" src=\"https:\/\/ts.meusebach.de\/wp-content\/uploads\/2019\/11\/Fam_Wadrg_2019_6.jpg\" class=\"attachment-large size-large\" alt=\"\" srcset=\"https:\/\/ts.meusebach.de\/wp-content\/uploads\/2019\/11\/Fam_Wadrg_2019_6.jpg 800w, https:\/\/ts.meusebach.de\/wp-content\/uploads\/2019\/11\/Fam_Wadrg_2019_6-300x186.jpg 300w, https:\/\/ts.meusebach.de\/wp-content\/uploads\/2019\/11\/Fam_Wadrg_2019_6-768x477.jpg 768w\" sizes=\"auto, (max-width: 750px) 100vw, 750px\" \/><\/a>\n\t\t\t<\/div><\/figure><figure class='gallery-item'>\n\t\t\t<div class='gallery-icon landscape'>\n\t\t\t\t<a href='https:\/\/ts.meusebach.de\/wp-content\/uploads\/2019\/11\/Fam_Wadrg_2019_7.jpg'><img loading=\"lazy\" decoding=\"async\" width=\"750\" height=\"563\" src=\"https:\/\/ts.meusebach.de\/wp-content\/uploads\/2019\/11\/Fam_Wadrg_2019_7.jpg\" class=\"attachment-large size-large\" alt=\"\" srcset=\"https:\/\/ts.meusebach.de\/wp-content\/uploads\/2019\/11\/Fam_Wadrg_2019_7.jpg 800w, https:\/\/ts.meusebach.de\/wp-content\/uploads\/2019\/11\/Fam_Wadrg_2019_7-300x225.jpg 300w, https:\/\/ts.meusebach.de\/wp-content\/uploads\/2019\/11\/Fam_Wadrg_2019_7-768x576.jpg 768w, https:\/\/ts.meusebach.de\/wp-content\/uploads\/2019\/11\/Fam_Wadrg_2019_7-100x75.jpg 100w\" sizes=\"auto, (max-width: 750px) 100vw, 750px\" \/><\/a>\n\t\t\t<\/div><\/figure><figure class='gallery-item'>\n\t\t\t<div class='gallery-icon landscape'>\n\t\t\t\t<a href='https:\/\/ts.meusebach.de\/wp-content\/uploads\/2019\/11\/Fam_Wadrg_2019_8.jpg'><img loading=\"lazy\" decoding=\"async\" width=\"750\" height=\"547\" src=\"https:\/\/ts.meusebach.de\/wp-content\/uploads\/2019\/11\/Fam_Wadrg_2019_8.jpg\" class=\"attachment-large size-large\" alt=\"\" srcset=\"https:\/\/ts.meusebach.de\/wp-content\/uploads\/2019\/11\/Fam_Wadrg_2019_8.jpg 800w, https:\/\/ts.meusebach.de\/wp-content\/uploads\/2019\/11\/Fam_Wadrg_2019_8-300x219.jpg 300w, https:\/\/ts.meusebach.de\/wp-content\/uploads\/2019\/11\/Fam_Wadrg_2019_8-768x560.jpg 768w\" sizes=\"auto, (max-width: 750px) 100vw, 750px\" \/><\/a>\n\t\t\t<\/div><\/figure><figure class='gallery-item'>\n\t\t\t<div class='gallery-icon landscape'>\n\t\t\t\t<a href='https:\/\/ts.meusebach.de\/wp-content\/uploads\/2019\/11\/Fam_Wadrg_2019_9.jpg'><img loading=\"lazy\" decoding=\"async\" width=\"750\" height=\"588\" src=\"https:\/\/ts.meusebach.de\/wp-content\/uploads\/2019\/11\/Fam_Wadrg_2019_9.jpg\" class=\"attachment-large size-large\" alt=\"\" srcset=\"https:\/\/ts.meusebach.de\/wp-content\/uploads\/2019\/11\/Fam_Wadrg_2019_9.jpg 800w, https:\/\/ts.meusebach.de\/wp-content\/uploads\/2019\/11\/Fam_Wadrg_2019_9-300x235.jpg 300w, https:\/\/ts.meusebach.de\/wp-content\/uploads\/2019\/11\/Fam_Wadrg_2019_9-768x602.jpg 768w\" sizes=\"auto, (max-width: 750px) 100vw, 750px\" \/><\/a>\n\t\t\t<\/div><\/figure><figure class='gallery-item'>\n\t\t\t<div class='gallery-icon landscape'>\n\t\t\t\t<a href='https:\/\/ts.meusebach.de\/wp-content\/uploads\/2019\/11\/Fam_Wadrg_2019_10.jpg'><img loading=\"lazy\" decoding=\"async\" width=\"750\" height=\"563\" src=\"https:\/\/ts.meusebach.de\/wp-content\/uploads\/2019\/11\/Fam_Wadrg_2019_10.jpg\" class=\"attachment-large size-large\" alt=\"\" srcset=\"https:\/\/ts.meusebach.de\/wp-content\/uploads\/2019\/11\/Fam_Wadrg_2019_10.jpg 800w, https:\/\/ts.meusebach.de\/wp-content\/uploads\/2019\/11\/Fam_Wadrg_2019_10-300x225.jpg 300w, https:\/\/ts.meusebach.de\/wp-content\/uploads\/2019\/11\/Fam_Wadrg_2019_10-768x576.jpg 768w, https:\/\/ts.meusebach.de\/wp-content\/uploads\/2019\/11\/Fam_Wadrg_2019_10-100x75.jpg 100w\" sizes=\"auto, (max-width: 750px) 100vw, 750px\" \/><\/a>\n\t\t\t<\/div><\/figure><figure class='gallery-item'>\n\t\t\t<div class='gallery-icon landscape'>\n\t\t\t\t<a href='https:\/\/ts.meusebach.de\/wp-content\/uploads\/2019\/11\/Fam_Wadrg_2019_11.jpg'><img loading=\"lazy\" decoding=\"async\" width=\"750\" height=\"563\" src=\"https:\/\/ts.meusebach.de\/wp-content\/uploads\/2019\/11\/Fam_Wadrg_2019_11.jpg\" class=\"attachment-large size-large\" alt=\"\" srcset=\"https:\/\/ts.meusebach.de\/wp-content\/uploads\/2019\/11\/Fam_Wadrg_2019_11.jpg 800w, https:\/\/ts.meusebach.de\/wp-content\/uploads\/2019\/11\/Fam_Wadrg_2019_11-300x225.jpg 300w, https:\/\/ts.meusebach.de\/wp-content\/uploads\/2019\/11\/Fam_Wadrg_2019_11-768x576.jpg 768w, https:\/\/ts.meusebach.de\/wp-content\/uploads\/2019\/11\/Fam_Wadrg_2019_11-100x75.jpg 100w\" sizes=\"auto, (max-width: 750px) 100vw, 750px\" \/><\/a>\n\t\t\t<\/div><\/figure><figure class='gallery-item'>\n\t\t\t<div class='gallery-icon landscape'>\n\t\t\t\t<a href='https:\/\/ts.meusebach.de\/wp-content\/uploads\/2019\/11\/Fam_Wadrg_2019_12.jpg'><img loading=\"lazy\" decoding=\"async\" width=\"750\" height=\"563\" src=\"https:\/\/ts.meusebach.de\/wp-content\/uploads\/2019\/11\/Fam_Wadrg_2019_12.jpg\" class=\"attachment-large size-large\" alt=\"\" srcset=\"https:\/\/ts.meusebach.de\/wp-content\/uploads\/2019\/11\/Fam_Wadrg_2019_12.jpg 800w, https:\/\/ts.meusebach.de\/wp-content\/uploads\/2019\/11\/Fam_Wadrg_2019_12-300x225.jpg 300w, https:\/\/ts.meusebach.de\/wp-content\/uploads\/2019\/11\/Fam_Wadrg_2019_12-768x576.jpg 768w, https:\/\/ts.meusebach.de\/wp-content\/uploads\/2019\/11\/Fam_Wadrg_2019_12-100x75.jpg 100w\" sizes=\"auto, (max-width: 750px) 100vw, 750px\" \/><\/a>\n\t\t\t<\/div><\/figure><figure class='gallery-item'>\n\t\t\t<div class='gallery-icon landscape'>\n\t\t\t\t<a href='https:\/\/ts.meusebach.de\/wp-content\/uploads\/2019\/11\/Fam_Wadrg_2019_1.jpg'><img loading=\"lazy\" decoding=\"async\" width=\"750\" height=\"563\" src=\"https:\/\/ts.meusebach.de\/wp-content\/uploads\/2019\/11\/Fam_Wadrg_2019_1.jpg\" class=\"attachment-large size-large\" alt=\"\" srcset=\"https:\/\/ts.meusebach.de\/wp-content\/uploads\/2019\/11\/Fam_Wadrg_2019_1.jpg 800w, https:\/\/ts.meusebach.de\/wp-content\/uploads\/2019\/11\/Fam_Wadrg_2019_1-300x225.jpg 300w, https:\/\/ts.meusebach.de\/wp-content\/uploads\/2019\/11\/Fam_Wadrg_2019_1-768x576.jpg 768w, https:\/\/ts.meusebach.de\/wp-content\/uploads\/2019\/11\/Fam_Wadrg_2019_1-100x75.jpg 100w\" sizes=\"auto, (max-width: 750px) 100vw, 750px\" \/><\/a>\n\t\t\t<\/div><\/figure>\n\t\t<\/div>\n\n","protected":false},"excerpt":{"rendered":"<p>In diesem Jahr f\u00fchrte unsere Familienwanderung Anfang Oktober in Richtung Haselanger und dann in Richtung Jagdh\u00fctte. Am Haselangerteich, bzw. an dem was nach dem trockenen<\/p>\n","protected":false},"author":1,"featured_media":0,"parent":689,"menu_order":0,"comment_status":"closed","ping_status":"closed","template":"","meta":{"spay_email":"","footnotes":""},"class_list":["post-784","page","type-page","status-publish","hentry"],"_links":{"self":[{"href":"https:\/\/ts.meusebach.de\/index.php?rest_route=\/wp\/v2\/pages\/784","targetHints":{"allow":["GET"]}}],"collection":[{"href":"https:\/\/ts.meusebach.de\/index.php?rest_route=\/wp\/v2\/pages"}],"about":[{"href":"https:\/\/ts.meusebach.de\/index.php?rest_route=\/wp\/v2\/types\/page"}],"author":[{"embeddable":true,"href":"https:\/\/ts.meusebach.de\/index.php?rest_route=\/wp\/v2\/users\/1"}],"replies":[{"embeddable":true,"href":"https:\/\/ts.meusebach.de\/index.php?rest_route=%2Fwp%2Fv2%2Fcomments&post=784"}],"version-history":[{"count":5,"href":"https:\/\/ts.meusebach.de\/index.php?rest_route=\/wp\/v2\/pages\/784\/revisions"}],"predecessor-version":[{"id":803,"href":"https:\/\/ts.meusebach.de\/index.php?rest_route=\/wp\/v2\/pages\/784\/revisions\/803"}],"up":[{"embeddable":true,"href":"https:\/\/ts.meusebach.de\/index.php?rest_route=\/wp\/v2\/pages\/689"}],"wp:attachment":[{"href":"https:\/\/ts.meusebach.de\/index.php?rest_route=%2Fwp%2Fv2%2Fmedia&parent=784"}],"curies":[{"name":"wp","href":"https:\/\/api.w.org\/{rel}","templated":true}]}}