{"id":50,"date":"2016-12-21T18:41:58","date_gmt":"2016-12-21T18:41:58","guid":{"rendered":"http:\/\/ts.meusebach.de\/?page_id=50"},"modified":"2022-04-11T15:00:30","modified_gmt":"2022-04-11T15:00:30","slug":"meusebach","status":"publish","type":"page","link":"https:\/\/ts.meusebach.de\/?page_id=50","title":{"rendered":"Meusebach"},"content":{"rendered":"<p><b><u>Meusebach \u2013 das Dorf ohne Spatzen <\/u><\/b><\/p>\n<p><img loading=\"lazy\" decoding=\"async\" class=\"wp-image-222 alignleft\" src=\"http:\/\/ts.meusebach.de\/wp-content\/uploads\/2016\/12\/Meusebach2008-e1483104144754.jpg\" alt=\"\" width=\"348\" height=\"263\" srcset=\"https:\/\/ts.meusebach.de\/wp-content\/uploads\/2016\/12\/Meusebach2008-e1483104144754.jpg 524w, https:\/\/ts.meusebach.de\/wp-content\/uploads\/2016\/12\/Meusebach2008-e1483104144754-300x227.jpg 300w, https:\/\/ts.meusebach.de\/wp-content\/uploads\/2016\/12\/Meusebach2008-e1483104144754-100x75.jpg 100w\" sizes=\"auto, (max-width: 348px) 100vw, 348px\" \/><\/p>\n<p>In einem Seitenarm des Rothehofbachtales, zwischen Geisenhain und Wolfersdorf, liegt Meusebach.<br \/>\nAls eine der kleinsten Gemeinden der <a href=\"http:\/\/www.huegelland-taeler.de\">Verwaltungsgemeinschaft \u201cH\u00fcgelland-T\u00e4ler\u201d<\/a> ist Meusebach meist bekannt durch die Sage vom Spatzenbann, durch den Holzkohlenmeiler, die auf dem Meilergel\u00e4nde stattfindenden Mittelalterfeste und den Meusebacher Fasching.<\/p>\n<p>Wer die enge Stra\u00dfe in das Tal des Meusebachs erfolgreich gemeistert hat, dem f\u00e4llt sicherlich der fast bis an die H\u00e4user reichende Wald auf. Nach einer Weile bemerken dann die Besucher oftmals die Ruhe, welche nur durch das Rauschen der B\u00e4ume und das Zwitschern der V\u00f6gel unterbrochen wird. Da die Dorfstra\u00dfe hinter dem Kohlenmeiler endet, bleibt Meusebach vom Verkehrsl\u00e4rm einer Durchgangsstra\u00dfe verschont. Sp\u00e4testens hier scheiden sich auch die Geister: \u201eIst dass sch\u00f6n ruhig hier!\u201c, sagen die Einen. \u201eWie kann man denn nur in so einem ruhigen Nest wohnen ?\u201c, rufen die Anderen.<\/p>\n<p><img loading=\"lazy\" decoding=\"async\" class=\"wp-image-223 alignright\" src=\"http:\/\/ts.meusebach.de\/wp-content\/uploads\/2016\/12\/Meusebach_Herbst_12-300x186.jpg\" width=\"400\" height=\"248\" srcset=\"https:\/\/ts.meusebach.de\/wp-content\/uploads\/2016\/12\/Meusebach_Herbst_12-300x186.jpg 300w, https:\/\/ts.meusebach.de\/wp-content\/uploads\/2016\/12\/Meusebach_Herbst_12-768x476.jpg 768w, https:\/\/ts.meusebach.de\/wp-content\/uploads\/2016\/12\/Meusebach_Herbst_12.jpg 800w\" sizes=\"auto, (max-width: 400px) 100vw, 400px\" \/>Rechts und links der Dorfstra\u00dfe stehen kleine Fachwerkh\u00e4user, in der Dorfmitte um den Dorfplatz eng aneinander gedr\u00e4ngt. Etwas h\u00f6her am Hang sind die markantesten Geb\u00e4ude von Meusebach zu finden: das ehemalige Forsthaus und das Alte Forsthaus, der ehemalige Sitz der Herren von Meusebach. Das weit verbreitete ehemalige Adelsgeschlecht, urkundlich bereits 934 erw\u00e4hnt,\u00a0 hat bis auf die wuchtigen Fundamente des alten Forsthauses leider keine Spuren im Ort hinterlassen, wohl aber in vielen D\u00f6rfern der Umgebung. So finden sich in Tr\u00f6bnitz und vielen T\u00e4lerd\u00f6rfern Spuren der Herrschaften von Meusebach.<\/p>\n<p>Die kleinen Leute in Meusebach waren nicht so bekannt und auch lange nicht so beg\u00fctert, denn an Fl\u00e4chen f\u00fcr eine einigerma\u00dfen ertragbringende Landwirtschaft herrscht in der Meusebacher Flur ein Mangel. Da es nur wenige ebene Feldfl\u00e4chen gab, legten die Kleinbauern an den H\u00e4ngen Terrassen an, um noch ein paar Ar an Feldfl\u00e4che zu erhalten. Daneben verdingten sich viele Meusebacher bei der Waldarbeit. Werden im Jahr 1635 nur 11 Nachbarn genannt, die in Meusebach ans\u00e4ssig waren, und alle dem Landesherren unterstanden, so waren es 1880 schon 96 Einwohner und 1885 wurden 97 Einwohner gez\u00e4hlt. Diese lebten damals in 27 Haushaltungen in 25 Wohnh\u00e4usern, darunter ein Forsthaus. Von diesem Forsthaus, heute das Alte Forsthaus hei\u00dft, wird berichtet, dass es bis 1543 in Besitz der Herren von Meusebach war. Nach dem Verkauf des Dorfes an den Kurf\u00fcrsten am 21. Dezember des Jahres 1543 war es der Wohnsitz des landesherrlichen Wildmeisters. Zum Ende des II. Weltkrieges stieg in Meusebach die Einwohnerzahl auf \u00fcber 120 Personen an, doch bis heute pendelte sich diese bei knapp 100 B\u00fcrgern ein, nur kurzzeitig konnte 1996 die 100-Einwohner-Marke \u00fcberschritten werden.<\/p>\n<p><img loading=\"lazy\" decoding=\"async\" class=\"size-full wp-image-216 alignleft\" src=\"http:\/\/ts.meusebach.de\/wp-content\/uploads\/2016\/12\/a_meusebach2007_1-e1483104655810.jpg\" alt=\"\" width=\"517\" height=\"310\" srcset=\"https:\/\/ts.meusebach.de\/wp-content\/uploads\/2016\/12\/a_meusebach2007_1-e1483104655810.jpg 517w, https:\/\/ts.meusebach.de\/wp-content\/uploads\/2016\/12\/a_meusebach2007_1-e1483104655810-300x180.jpg 300w\" sizes=\"auto, (max-width: 517px) 100vw, 517px\" \/><\/p>\n<p>Dies ist auch ein Grund daf\u00fcr, dass in Meusebach jeder Einwohner dem Namen nach bekannt ist und sich die Leute untereinander gut kennen. Und da man so ein kleines D\u00f6rfchen ist, bedeutete das schon immer, dass man sich gegenseitig helfen musste, wenn man etwas erreichen wollte. Gemeinsam etwas schaffen, diese Motto kennen die Einwohner und so konnte immer etwas geschaffen werden, oft zum Erstaunen von Ausw\u00e4rtigen. Beginnend mit dem Ausbau eines Kulturraumes und eines Jugendzimmers im Alten Forsthaus in den 1950er Jahren auf NAW-Basis, \u00fcber die Bachverrohrung und Bachmauerbau in der Ortslage, Stra\u00dfenabsiegelung, Aufbau (1980) und R\u00fcckbau (1992) einer Gemeinschaftsantenne bis zur Erweiterung der Sanit\u00e4ranlagen im Alten\u00a0 Forsthaus 1988.<\/p>\n<p>An den kleinen, aber schmucken H\u00e4usern kann man erkennen, dass ihre Besitzer auch schon fr\u00fcher darauf bedacht waren, diese in Schuss zu halten, was nat\u00fcrlich heute noch so ist. Auch hier bew\u00e4hrt sich\u00a0 die gegenseitige Hilfe. Schlie\u00dflich waren (und sind) die meisten der berufst\u00e4tigen Einwohner im Handwerk t\u00e4tig.<\/p>\n<p><img loading=\"lazy\" decoding=\"async\" class=\"wp-image-224 alignright\" src=\"http:\/\/ts.meusebach.de\/wp-content\/uploads\/2016\/12\/Meusebach_Fr\u00fchling_9.jpg\" alt=\"\" width=\"350\" height=\"434\" srcset=\"https:\/\/ts.meusebach.de\/wp-content\/uploads\/2016\/12\/Meusebach_Fr\u00fchling_9.jpg 512w, https:\/\/ts.meusebach.de\/wp-content\/uploads\/2016\/12\/Meusebach_Fr\u00fchling_9-242x300.jpg 242w\" sizes=\"auto, (max-width: 350px) 100vw, 350px\" \/>Wenn jedes Jahr kurz vor dem Maibaumsetzen der Heimat- und Feuerwehrverein zum Fr\u00fchjahrsputz einl\u00e4dt, finden sich immer Helfer, die mit anpacken, wenn es um ihr Dorf geht. Schlie\u00dflich ist ein Meusebacher ein wenig stolz auf sein Dorf. Das gilt nicht nur f\u00fcr die \u201eAlteingesessenen\u201c, auch die sogenannten \u201eZugezogenen\u201c und die Jugend packt mit an.<\/p>\n<p>Wie in den anderen Gemeinden auch, ergab sich nach der \u201eWende\u201c f\u00fcr die Gemeinde Meusebach eine neue Situation. F\u00fcr Meusebach kam der \u201eUmschwung\u201c gerade zur rechten Zeit, denn die Trinkwasserversorgung war zusammengebrochen, da der Sammelbeh\u00e4lter am Ende des Dorfes einfach kein Wasser mehr hergab. Dank der F\u00f6rderung vom Land Th\u00fcringen und der OWA wurde es m\u00f6glich, dass 1992\/1993 eine neue Trinkwasserzuleitung und ein neuer Hochbeh\u00e4lter zur Trinkwasserversorgung errichtet wurde.<\/p>\n<p>Trotz der vielen neuen Dinge, die nun mit der neuen Zeit auf einmal m\u00f6glich und manche auch n\u00f6tig wurden, beschloss der Gemeinderat, dass die Gemeinde versuchen will, den d\u00f6rflichen Charakter von Meusebach zu erhalten. Das bedeutete, ohne gro\u00dfe Wohnungsbaugebiete auszukommen. F\u00fcr diese ist in dem engen Tal ja auch kein Platz.<\/p>\n<p>W\u00e4hrend in den Jahren bis 1996 im Dorf kleinere Ma\u00dfnahmen, wie die Umgestaltung des Platzes am Denkmal, die Erneuerung der Bachufermauer mit Anbringung eines Gel\u00e4nders, der Umbau des Buswarteh\u00e4uschens immer in kleinen Abschnitten und entsprechend dem \u201eGeldbeutel\u201c der Gemeinde realisiert wurden, kam 1996 mit der Aufnahme der Gemeinde Meusebach als F\u00f6rderschwerpunkt in der Dorferneuerung die Gelegenheit, auch einmal eine gr\u00f6\u00dfere Investition zu realisieren.<\/p>\n<p><img loading=\"lazy\" decoding=\"async\" class=\"alignnone  wp-image-225\" src=\"http:\/\/ts.meusebach.de\/wp-content\/uploads\/2016\/12\/Spatzenj\u00e4gerhalle-61.jpg\" alt=\"\" width=\"653\" height=\"418\" srcset=\"https:\/\/ts.meusebach.de\/wp-content\/uploads\/2016\/12\/Spatzenj\u00e4gerhalle-61.jpg 800w, https:\/\/ts.meusebach.de\/wp-content\/uploads\/2016\/12\/Spatzenj\u00e4gerhalle-61-300x192.jpg 300w, https:\/\/ts.meusebach.de\/wp-content\/uploads\/2016\/12\/Spatzenj\u00e4gerhalle-61-768x492.jpg 768w\" sizes=\"auto, (max-width: 653px) 100vw, 653px\" \/><\/p>\n<p>Der Gemeinderat hatte da auch schon ein Vorhaben im Auge: ein Dorfgemeinschaftshaus. Auch dieses Mal war das Gl\u00fcck wieder auf der Seite der Kommune, denn im gleichen Jahr konnte ein ehemaliger Kuhstall nach langj\u00e4hrigen Verhandlungen gekauft werden.<\/p>\n<p>Dieser wurde dann von 1997 bis 1999 zum Gemeindehaus umgebaut wurde. Die Gemeinde nahm einen Kredit zur Finanzierung auf, das Land Th\u00fcringen gab die F\u00f6rdermittel und die Meusebacher packten flei\u00dfig mit an, damit der \u201eKraftakt\u201c Dorfgemeinschaftshaus auch gelingen konnte.<\/p>\n<p>Am Ende entstand das Schmuckst\u00fcck der Gemeinde, die \u201eSpatzenj\u00e4gerhalle\u201c. M\u00f6glich wurde die Erbauung nur, weil auch dieses Mal die Meusebacher wieder selbst mit anpackten und \u00fcber 1500 Stunden als Eigenleistung bei Abriss, R\u00fcckbau, Innenausbau, Malerarbeiten, Installationsarbeiten und Au\u00dfenputz erbrachten. Auch bei der Ausstattung war die Gemeinde Meusebach nicht auf sich allein gestellt. Der Heimat- und Feuerwehrverein half auch hier mit und investierte in Tische, St\u00fchle und andere Einrichtungsgegenst\u00e4nde. Auch die Nutzung des Geb\u00e4udes erfolgt gemeinsam. W\u00e4hrend sich im Dachgeschoss das Gemeindeb\u00fcro befindet, nutzt der Verein den Saal f\u00fcr seine zahlreichen Veranstaltungen. Besonders gut besucht sind die traditionellen Faschingsveranstaltungen, die schon seit mehr als 30 Jahren in Meusebach stattfinden. Doch auch f\u00fcr Familienfeiern wird das Gemeindehaus gern genutzt. Bald wurden die Lagerm\u00f6glichkeiten f\u00fcr die Faschingskost\u00fcme und Kulissen, sowie f\u00fcr die Gartenm\u00f6bel, Bierzeltgarnituren usw. zu eng und es musste ein Anbau her! Im M\u00e4rz 2007 war es dann soweit, der Anbau wurde begonnen.<\/p>\n<p>Im Rahmen der Dorferneuerung wurde 1999 noch der Dorfteich renaturiert und auch kleinere Bauma\u00dfnahmen von privaten Antragstellern konnten gef\u00f6rdert werden. Nach der Zeit als F\u00f6rderschwerpunkt im Rahmen der Dorferneuerung mussten dann seitens der Gemeinde Meusebach wieder \u201ekleinere Br\u00f6tchen\u201c gebacken werden.<\/p>\n<p>Doch die Nutzung von F\u00f6rdermitteln erm\u00f6glichte zum Beispiel die Erneuerung des Weges zum Kohlenmeiler im Rahmen des Radwegeprojektes 2000. Im\u00a0 Jahr 2004 wurde der Dorfplatz in der Dorfmitte neu gestaltet und im Jahr 2005 war der Bau eines kleinen Spielplatzes die wichtigste Investition.<\/p>\n<p>Doch auch in Meusebach gibt es noch H\u00e4user, die denkmalgesch\u00fctzt und sehenswert sind. Zu nennen w\u00e4re hier das Forsthaus und das Alte Forsthaus, welche an erhabener Stelle das Dorfbild pr\u00e4gen.<\/p>\n<p><img loading=\"lazy\" decoding=\"async\" class=\"wp-image-171 alignleft\" src=\"http:\/\/ts.meusebach.de\/wp-content\/uploads\/2016\/12\/Meusebach_Herbst_7.jpg\" alt=\"\" width=\"359\" height=\"539\" srcset=\"https:\/\/ts.meusebach.de\/wp-content\/uploads\/2016\/12\/Meusebach_Herbst_7.jpg 512w, https:\/\/ts.meusebach.de\/wp-content\/uploads\/2016\/12\/Meusebach_Herbst_7-200x300.jpg 200w\" sizes=\"auto, (max-width: 359px) 100vw, 359px\" \/>Vor dem S\u00fcdgiebel des alten Forsthauses steht ein ca. 250 Jahre alter Tulpenbaum, der besonders zu seiner Bl\u00fcte Anfang Juni zu einer weiteren Sehensw\u00fcrdigkeit in Meusebach z\u00e4hlt.Doch nicht nur im Dorf hat sich in den letzten Jahren viel getan, sondern auch auf dem Gel\u00e4nde des K\u00f6hlereibetriebes 400m s\u00fcdlich von Meusebach. Hier entstand neben der heute als Privatbetrieb gef\u00fchrten Meilerei, der Nachbau eines Mittelalterdorfes. Dieses ist in jedem Jahr die perfekte Kulisse f\u00fcr das K\u00f6hler- und Mittelalterfest. Auch f\u00fcr Gruppen- oder Familienfeiern kann ein Mittelaltermahl bestellt werden. Neben dem K\u00f6hlereigel\u00e4nde befindet sich auch noch eine ehemalige K\u00f6hlerh\u00fctte, die gemeinsam mit dem Kohlenmeiler ins Denkmalbuch aufgenommen wurde.<\/p>\n<p>&nbsp;<\/p>\n<p>&nbsp;<\/p>\n<p>In Meusebach nachgeschaut \u2013 Dorf ohne Spatzen, daf\u00fcr mit DSL<\/p>\n<p>Die in den letzten zwei Jahren in Meusebach dem B\u00fcrgermeister am h\u00e4ufigsten gestellte Frage hie\u00df: \u201eWann kriegen wir denn DSL?\u201c<br \/>\nNachdem die ersten Hoffnungen auf einen Anschluss ans Breitbandnetz der Telekom bereits im April 2008 keimten, als entlang der Landesstra\u00dfe von Geisenhain am Abzweig Meusebach die Glasfaserleitung f\u00fcr Trockenborn-Wolfersdorf gezogen wurde, war es dann doch eine ziemliche Geduldsprobe f\u00fcr die Meusebacher Einwohner.<br \/>\n<img loading=\"lazy\" decoding=\"async\" class=\"size-full wp-image-219 alignright\" src=\"http:\/\/ts.meusebach.de\/wp-content\/uploads\/2016\/12\/DSL_Internet_Cafe-e1483104927435.jpg\" alt=\"\" width=\"285\" height=\"246\" \/>Immerhin 90% der Haushalte meldeten im Interessenbekundungsverfahren Anfang 2009 ihren DSL-Bedarf an, nachdem die Telekom dann im Fr\u00fchjahr ein Investitionsangebot abgegeben hatte und der Chef f\u00fcr DSL in Kommunen aus Berlin, Herr Czechowski, pers\u00f6nlich in Meusebach war, konnte im Sommer 2009 der F\u00f6rdermittelantrag zur Breitbandversorgung abgegeben werden, bei dessen Bewilligung sich der Freistaat Th\u00fcringen zu 90% an der Finanzierung der so genannten Deckungsl\u00fccke beteiligen w\u00fcrde. Obwohl sich die Telekom AG (Bonn) zwischenzeitlich aus dem l\u00e4ndlichen Raum zur\u00fcckziehen wollte, kam es dann dank des pers\u00f6nlichen Einsatzes des oben genannten Telekom-Managers doch noch zu einem Kooperationsvertrag zwischen der Telekom und der Gemeinde Meusebach. Originalkommentar Herr Czechowski: \u201eIck hatte es Ihnen und Ihrer Gemeinde doch versprochen!\u201c<\/p>\n<p>Nun gab es noch im Wirtschaftsministerium unterschiedliche Ansichten zur Kostenkalkulation des bekannten Telekommunikationsunternehmens, die aber gl\u00fccklicherweise ausger\u00e4umt werden konnten. Schlie\u00dflich war es das erste Mal, dass es f\u00fcr eine Investitionsma\u00dfnahme der Telekom F\u00f6rdermittel geben sollte! Im November traf der F\u00f6rdermittelbescheid ein und der Kooperationsvertrag konnte Anfang Dezember 2009 unterschrieben werden. Dieser war dann das \u201eWeihnachtsgeschenk 2009\u201c f\u00fcr die Meusebacher, denn die Telekom sicherte vertraglich zu, innerhalb von 18 Monaten DSL nach Meusebach zu bringen. Wieder hie\u00df es Warten, bis zum April 2010 lie\u00df die Telekom nichts von sich h\u00f6ren, teilte aber auf Nachfrage mit, dass die Planungen laufen. Im Sommer 2010 teilte dann der T-Punkt aus Jena die ersten Formulare aus und der Bautrupp der Telekom erkundigte sich nach Standortm\u00f6glichkeiten und Trassenf\u00fchrung. Bis zum November zogen sich die Arbeiten an der Kabeltrasse und am Verteilerkasten hin. Schon kursierten die ersten Aussagen, dass es noch Weihnachten klappen k\u00f6nnte mit dem DSL. Doch der Winter traf auch die Telekom hart, als offiziellen Bereitstellungstermin wurde der 20.1.2011 verk\u00fcndet (immerhin 5 Monate fr\u00fcher als vertraglich zugesichert! ). Das die Meusebacher schon so lange gewartet haben, ist den meisten Einwohnern aus anderen Gemeinden der VG wahrscheinlich gar nicht so bewusst. Oft wird gro\u00dfe Verwunderung dar\u00fcber ge\u00e4u\u00dfert, wieso denn nun gerade das kleine Meusebach das schnelle Internet schon bekommt, bzw. schon hat.<\/p>\n<p>Es waren nicht etwa gute Beziehungen, so wie fr\u00fcher, sondern die zahlreichen Nachfragen der wahrscheinlich besonders technikbegeisterten Meusebacher Einwohner. Durch diese f\u00fchlten sich der B\u00fcrgermeister und sein Gemeinderat bereits fr\u00fchzeitig berufen, sich um eine L\u00f6sung des DSL-Problems zu k\u00fcmmern.<br \/>\nEs ist jedoch nicht so, dass in Meusebach sich jeder nur mit sich und seinem Computer besch\u00e4ftigt.<\/p>\n<p><img loading=\"lazy\" decoding=\"async\" class=\"alignnone size-full wp-image-226\" src=\"http:\/\/ts.meusebach.de\/wp-content\/uploads\/2016\/12\/Meusebach_Sommer_4-1.jpg\" alt=\"\" width=\"800\" height=\"531\" srcset=\"https:\/\/ts.meusebach.de\/wp-content\/uploads\/2016\/12\/Meusebach_Sommer_4-1.jpg 800w, https:\/\/ts.meusebach.de\/wp-content\/uploads\/2016\/12\/Meusebach_Sommer_4-1-300x200.jpg 300w, https:\/\/ts.meusebach.de\/wp-content\/uploads\/2016\/12\/Meusebach_Sommer_4-1-768x510.jpg 768w, https:\/\/ts.meusebach.de\/wp-content\/uploads\/2016\/12\/Meusebach_Sommer_4-1-420x280.jpg 420w\" sizes=\"auto, (max-width: 800px) 100vw, 800px\" \/>Zahlreiche gemeinsame Veranstaltungen und Feste organisieren die Gemeinde Meusebach oder der Heimat- und Feuerwehrverein, bzw. beide gemeinsam, im Laufe eines jeden Jahres. Den Anfang macht immer der Meusebacher Fasching, der in diesem Jahr in seine 36. Saison startet. Unter dem Motto \u201eWeltall, Erde, K\u00e4lberstall \u2013 in Meusebach ist Karneval\u201c finden am 26. Februar, am 5. M\u00e4rz und am 12. M\u00e4rz wieder drei Veranstaltungen in der Spatzenj\u00e4gerhalle statt.<br \/>\nTraditionell am dritten Sonntag im Mai findet das Meusebacher\u00a0 Maibaumsetzen statt, welches in den letzten Jahren stets gut besucht war. Auch wenn der Maibaum in unserem kleine Dorf nicht so gro\u00df ger\u00e4t, so ist es bei sch\u00f6nem Wetter f\u00fcr viele G\u00e4ste ein Vergn\u00fcgen, auf unserem Dorfplatz zu sitzen, die Blasmusik\u00a0 und das frische Maigr\u00fcn auf den bewaldeten H\u00e4ngen zu genie\u00dfen.<br \/>\nIm Sommer findet dann das Dorffest statt, welches bei Jung und Alt beliebt ist, nicht nur wegen des leckeren Spanferkels. Mit einer Familienwanderung wird Anfang Oktober der Herbst eingl\u00e4utet und eine Dorfweihnachtsfeier rundet den Meusebacher Festekalender zum Ende eines Jahres ab. Wie schon erw\u00e4hnt spielt der Heimat- und Feuerwehrverein, der 2010 sein 20j\u00e4hriges Bestehen feierte,\u00a0 bei der Organisation und Durchf\u00fchrung der Feste eine\u00a0 bedeutende Rolle und ist sozusagen der Tr\u00e4ger des kulturellen Lebens in der Gemeinde Meusebach.<\/p>\n<p>Doch nicht nur um Feste k\u00fcmmert sich der Verein, sondern auch die Freiwillige Feuerwehr wird tatkr\u00e4ftig unterst\u00fctzt. So war die Anschaffung von neuen Spinden f\u00fcr die im Jahr 2009 neu in die Feuerwehr eingetretenen Kameraden eine gro\u00dfe Hilfe. Auch in die Heimatpflege wird seitens des Vereins investiert. Als Beispiel seien hier nur die Restaurierung des Wildmeistersteins und die Errichtung von B\u00e4nken an Wanderwegen genannt.<br \/>\nDoch auch die Gemeinde selbst ist bem\u00fcht, Meusebach als Wohnort so angenehm wie m\u00f6glich zu gestalten, was angesichts der zwar stabilen, jedoch geringen Einwohnerzahl nur in kleinen Schritten m\u00f6glich ist. Nachdem es nach 2002 in der Gemeinde immer mehr junge Familie gab, wurde der Wunsch nach einem Spielplatz laut.<\/p>\n<p>W\u00e4hrend das Vorhaben Spielplatzbau 2004 bei der Auslegung des Haushaltsplanes noch bel\u00e4chelt wurde, hat sich der 2005 errichtete kleine Spielplatz am Dorfteich zu einem beliebten Treffpunkt der Kinder und der jungen Eltern entwickelt. Inzwischen leben 14 Kinder bzw. Jugendliche unter 14 Jahren in Meusebach.<\/p>\n<p>Auch bei den Kameraden der Freiwilligen Feuerwehr sind junge M\u00e4nner der Wehr beigetreten. Zwei Kameraden absolvieren derzeit in ihrer Freizeit eine 70-st\u00fcndige Truppmannausbildung, wof\u00fcr ihnen seitens ihrer Kameraden gro\u00dfer Respekt gezollt wird. Die Ausstattung der Feuerwehr wird seitens der Gemeinde im Auge behalten, auch wenn nicht alle W\u00fcnsche erf\u00fcllt werden k\u00f6nnen. Im Jahr 2008 wurde das Dach des Ger\u00e4tehauses erneuert und 2010 erhielt der Anh\u00e4nger eine Zulassung nebst neuer Bereifung und Beleuchtung.<br \/>\nF\u00fcr das 1999 errichtete Dorfgemeinschaftshaus wurde 2007 ein Anbau realisiert, um die Ger\u00e4te und Ausstattungsgegenst\u00e4nde von Gemeinde und Verein besser unterbringen zu k\u00f6nnen. Schrittweise werden auch Bauma\u00dfnahmen am Bachufer realisiert, die dem Hochwasserschutz dienen sollen. Neben Arbeitseins\u00e4tzen am Bachlauf unterhalb des Dorfes, ist die Gemeinde bem\u00fcht, die Einengung des Bachbettes durch Betonrohre schrittweise zur\u00fcckzubauen. Erste Ma\u00dfnahmen wurden dazu 2009 get\u00e4tigt und weitere sollen je nach Finanzlage folgen.<br \/>\nDie bereits 1993 begonnene Baut\u00e4tigkeit zur Verbesserung der Trinkwasserversorgung (Erneuerung des Ortsnetzes, Erh\u00f6hung des Wasserdrucks) fand in den Jahren 2008 und 2009 ihren Abschluss. W\u00e4hrend in den 1990er Jahren der geplante Neubau des Ortsnetzes den umwelschutzbedingten Mehrkosten der damaligen Ma\u00dfnahme zum Opfer gefallen war, brachte der ZWA mittels Bohrtechnik 2008 eine neue Trinkwasserleitung unter die Erde, an die 2009 alle Meusebacher Haushalte angeschlossen wurden.<br \/>\nIm Rahmen des Konjunkturpaketes II wurden 2010 an der Albrechtseiche und im Dorf neue Sitzb\u00e4nke aufgestellt.<\/p>\n<p>Eine Informationstafel an der fast 300j\u00e4hrigen Eiche, die einem wohlt\u00e4tigen Vertreter der Herren von Meusebach 1712 gewidmet wurde soll in diesem Jahr noch erg\u00e4nzt werden. Vielleicht k\u00f6nnte man so die Philosophie der Meusebacher Gemeinde erkl\u00e4ren: Modernes Leben &#8211; aber auch die Tradition nicht vergessen!<\/p>\n<p>T. Schwarz (Januar 2011)<\/p>\n","protected":false},"excerpt":{"rendered":"<p>Meusebach \u2013 das Dorf ohne Spatzen In einem Seitenarm des Rothehofbachtales, zwischen Geisenhain und Wolfersdorf, liegt Meusebach. Als eine der kleinsten Gemeinden der Verwaltungsgemeinschaft \u201cH\u00fcgelland-T\u00e4ler\u201d<\/p>\n","protected":false},"author":1,"featured_media":0,"parent":0,"menu_order":0,"comment_status":"closed","ping_status":"closed","template":"template-fullwidth.php","meta":{"spay_email":"","footnotes":""},"class_list":["post-50","page","type-page","status-publish","hentry"],"_links":{"self":[{"href":"https:\/\/ts.meusebach.de\/index.php?rest_route=\/wp\/v2\/pages\/50","targetHints":{"allow":["GET"]}}],"collection":[{"href":"https:\/\/ts.meusebach.de\/index.php?rest_route=\/wp\/v2\/pages"}],"about":[{"href":"https:\/\/ts.meusebach.de\/index.php?rest_route=\/wp\/v2\/types\/page"}],"author":[{"embeddable":true,"href":"https:\/\/ts.meusebach.de\/index.php?rest_route=\/wp\/v2\/users\/1"}],"replies":[{"embeddable":true,"href":"https:\/\/ts.meusebach.de\/index.php?rest_route=%2Fwp%2Fv2%2Fcomments&post=50"}],"version-history":[{"count":5,"href":"https:\/\/ts.meusebach.de\/index.php?rest_route=\/wp\/v2\/pages\/50\/revisions"}],"predecessor-version":[{"id":1237,"href":"https:\/\/ts.meusebach.de\/index.php?rest_route=\/wp\/v2\/pages\/50\/revisions\/1237"}],"wp:attachment":[{"href":"https:\/\/ts.meusebach.de\/index.php?rest_route=%2Fwp%2Fv2%2Fmedia&parent=50"}],"curies":[{"name":"wp","href":"https:\/\/api.w.org\/{rel}","templated":true}]}}