{"id":429,"date":"2018-05-23T17:31:45","date_gmt":"2018-05-23T17:31:45","guid":{"rendered":"http:\/\/ts.meusebach.de\/?page_id=429"},"modified":"2018-05-31T18:50:37","modified_gmt":"2018-05-31T18:50:37","slug":"maibaumsetzen-2018","status":"publish","type":"page","link":"https:\/\/ts.meusebach.de\/?page_id=429","title":{"rendered":"Maibaumsetzen 2018"},"content":{"rendered":"<p>Am Pfingstsonntag 2018 fand unser traditionelles Maibaumsetzen statt. Nachdem das Dorf und das Dorfgemeinschaftshaus geputzt wurden, konnte beim sch\u00f6nsten Sonnenschein unsere G\u00e4ste die Blasmusik von Collegium Brass genie\u00dfen und unseren Maibaumsetzer bei der Arbeit zuschauen.<br \/>\nVielen Dank an alle flei\u00dfigen Helfer!<br \/>\n(Fotos V. H\u00f6ntsch &amp; T. Schwarz)<\/p>\n<div id='gallery-1' class='gallery galleryid-429 gallery-columns-2 gallery-size-large'><figure class='gallery-item'>\n\t\t\t<div class='gallery-icon landscape'>\n\t\t\t\t<img loading=\"lazy\" decoding=\"async\" width=\"750\" height=\"553\" src=\"https:\/\/ts.meusebach.de\/wp-content\/uploads\/2018\/05\/Maibstz_2018_16.jpg\" class=\"attachment-large size-large\" alt=\"\" srcset=\"https:\/\/ts.meusebach.de\/wp-content\/uploads\/2018\/05\/Maibstz_2018_16.jpg 800w, https:\/\/ts.meusebach.de\/wp-content\/uploads\/2018\/05\/Maibstz_2018_16-300x221.jpg 300w, https:\/\/ts.meusebach.de\/wp-content\/uploads\/2018\/05\/Maibstz_2018_16-768x566.jpg 768w, https:\/\/ts.meusebach.de\/wp-content\/uploads\/2018\/05\/Maibstz_2018_16-100x75.jpg 100w\" sizes=\"auto, (max-width: 750px) 100vw, 750px\" \/>\n\t\t\t<\/div><\/figure><figure class='gallery-item'>\n\t\t\t<div class='gallery-icon landscape'>\n\t\t\t\t<img loading=\"lazy\" decoding=\"async\" width=\"750\" height=\"579\" src=\"https:\/\/ts.meusebach.de\/wp-content\/uploads\/2018\/05\/Maibstz_2018_1.jpg\" class=\"attachment-large size-large\" alt=\"\" aria-describedby=\"gallery-1-445\" srcset=\"https:\/\/ts.meusebach.de\/wp-content\/uploads\/2018\/05\/Maibstz_2018_1.jpg 800w, https:\/\/ts.meusebach.de\/wp-content\/uploads\/2018\/05\/Maibstz_2018_1-300x232.jpg 300w, https:\/\/ts.meusebach.de\/wp-content\/uploads\/2018\/05\/Maibstz_2018_1-768x593.jpg 768w\" sizes=\"auto, (max-width: 750px) 100vw, 750px\" \/>\n\t\t\t<\/div>\n\t\t\t\t<figcaption class='wp-caption-text gallery-caption' id='gallery-1-445'>\n\t\t\t\tMaibaumsetzen Meusebach 2018\n\t\t\t\t<\/figcaption><\/figure><figure class='gallery-item'>\n\t\t\t<div class='gallery-icon landscape'>\n\t\t\t\t<img loading=\"lazy\" decoding=\"async\" width=\"750\" height=\"513\" src=\"https:\/\/ts.meusebach.de\/wp-content\/uploads\/2018\/05\/Maibstz_2018_19.jpg\" class=\"attachment-large size-large\" alt=\"\" srcset=\"https:\/\/ts.meusebach.de\/wp-content\/uploads\/2018\/05\/Maibstz_2018_19.jpg 800w, https:\/\/ts.meusebach.de\/wp-content\/uploads\/2018\/05\/Maibstz_2018_19-300x205.jpg 300w, https:\/\/ts.meusebach.de\/wp-content\/uploads\/2018\/05\/Maibstz_2018_19-768x525.jpg 768w\" sizes=\"auto, (max-width: 750px) 100vw, 750px\" \/>\n\t\t\t<\/div><\/figure><figure class='gallery-item'>\n\t\t\t<div class='gallery-icon landscape'>\n\t\t\t\t<img loading=\"lazy\" decoding=\"async\" width=\"750\" height=\"411\" src=\"https:\/\/ts.meusebach.de\/wp-content\/uploads\/2018\/05\/Maibstz_2018_22.jpg\" class=\"attachment-large size-large\" alt=\"\" srcset=\"https:\/\/ts.meusebach.de\/wp-content\/uploads\/2018\/05\/Maibstz_2018_22.jpg 800w, https:\/\/ts.meusebach.de\/wp-content\/uploads\/2018\/05\/Maibstz_2018_22-300x164.jpg 300w, https:\/\/ts.meusebach.de\/wp-content\/uploads\/2018\/05\/Maibstz_2018_22-768x420.jpg 768w\" sizes=\"auto, (max-width: 750px) 100vw, 750px\" \/>\n\t\t\t<\/div><\/figure><figure class='gallery-item'>\n\t\t\t<div class='gallery-icon landscape'>\n\t\t\t\t<img loading=\"lazy\" decoding=\"async\" width=\"750\" height=\"547\" src=\"https:\/\/ts.meusebach.de\/wp-content\/uploads\/2018\/05\/Maibstz_2018_17.jpg\" class=\"attachment-large size-large\" alt=\"\" srcset=\"https:\/\/ts.meusebach.de\/wp-content\/uploads\/2018\/05\/Maibstz_2018_17.jpg 800w, https:\/\/ts.meusebach.de\/wp-content\/uploads\/2018\/05\/Maibstz_2018_17-300x219.jpg 300w, https:\/\/ts.meusebach.de\/wp-content\/uploads\/2018\/05\/Maibstz_2018_17-768x560.jpg 768w\" sizes=\"auto, (max-width: 750px) 100vw, 750px\" \/>\n\t\t\t<\/div><\/figure><figure class='gallery-item'>\n\t\t\t<div class='gallery-icon landscape'>\n\t\t\t\t<img loading=\"lazy\" decoding=\"async\" width=\"750\" height=\"563\" src=\"https:\/\/ts.meusebach.de\/wp-content\/uploads\/2018\/05\/Maibstz_2018_18.jpg\" class=\"attachment-large size-large\" alt=\"\" srcset=\"https:\/\/ts.meusebach.de\/wp-content\/uploads\/2018\/05\/Maibstz_2018_18.jpg 800w, https:\/\/ts.meusebach.de\/wp-content\/uploads\/2018\/05\/Maibstz_2018_18-300x225.jpg 300w, https:\/\/ts.meusebach.de\/wp-content\/uploads\/2018\/05\/Maibstz_2018_18-768x576.jpg 768w, https:\/\/ts.meusebach.de\/wp-content\/uploads\/2018\/05\/Maibstz_2018_18-100x75.jpg 100w\" sizes=\"auto, (max-width: 750px) 100vw, 750px\" \/>\n\t\t\t<\/div><\/figure><figure class='gallery-item'>\n\t\t\t<div class='gallery-icon landscape'>\n\t\t\t\t<img loading=\"lazy\" decoding=\"async\" width=\"750\" height=\"590\" src=\"https:\/\/ts.meusebach.de\/wp-content\/uploads\/2018\/05\/Maibstz_2018_21.jpg\" class=\"attachment-large size-large\" alt=\"\" srcset=\"https:\/\/ts.meusebach.de\/wp-content\/uploads\/2018\/05\/Maibstz_2018_21.jpg 800w, https:\/\/ts.meusebach.de\/wp-content\/uploads\/2018\/05\/Maibstz_2018_21-300x236.jpg 300w, https:\/\/ts.meusebach.de\/wp-content\/uploads\/2018\/05\/Maibstz_2018_21-768x604.jpg 768w\" sizes=\"auto, (max-width: 750px) 100vw, 750px\" \/>\n\t\t\t<\/div><\/figure><figure class='gallery-item'>\n\t\t\t<div class='gallery-icon landscape'>\n\t\t\t\t<img loading=\"lazy\" decoding=\"async\" width=\"750\" height=\"526\" src=\"https:\/\/ts.meusebach.de\/wp-content\/uploads\/2018\/05\/Maibstz_2018_23.jpg\" class=\"attachment-large size-large\" alt=\"\" srcset=\"https:\/\/ts.meusebach.de\/wp-content\/uploads\/2018\/05\/Maibstz_2018_23.jpg 800w, https:\/\/ts.meusebach.de\/wp-content\/uploads\/2018\/05\/Maibstz_2018_23-300x210.jpg 300w, https:\/\/ts.meusebach.de\/wp-content\/uploads\/2018\/05\/Maibstz_2018_23-768x539.jpg 768w\" sizes=\"auto, (max-width: 750px) 100vw, 750px\" \/>\n\t\t\t<\/div><\/figure><figure class='gallery-item'>\n\t\t\t<div class='gallery-icon landscape'>\n\t\t\t\t<img loading=\"lazy\" decoding=\"async\" width=\"750\" height=\"547\" src=\"https:\/\/ts.meusebach.de\/wp-content\/uploads\/2018\/05\/Maibstz_2018_20.jpg\" class=\"attachment-large size-large\" alt=\"\" srcset=\"https:\/\/ts.meusebach.de\/wp-content\/uploads\/2018\/05\/Maibstz_2018_20.jpg 800w, https:\/\/ts.meusebach.de\/wp-content\/uploads\/2018\/05\/Maibstz_2018_20-300x219.jpg 300w, https:\/\/ts.meusebach.de\/wp-content\/uploads\/2018\/05\/Maibstz_2018_20-768x560.jpg 768w\" sizes=\"auto, (max-width: 750px) 100vw, 750px\" \/>\n\t\t\t<\/div><\/figure><figure class='gallery-item'>\n\t\t\t<div class='gallery-icon landscape'>\n\t\t\t\t<img loading=\"lazy\" decoding=\"async\" width=\"750\" height=\"476\" src=\"https:\/\/ts.meusebach.de\/wp-content\/uploads\/2018\/05\/Maibstz_2018_24.jpg\" class=\"attachment-large size-large\" alt=\"\" srcset=\"https:\/\/ts.meusebach.de\/wp-content\/uploads\/2018\/05\/Maibstz_2018_24.jpg 800w, https:\/\/ts.meusebach.de\/wp-content\/uploads\/2018\/05\/Maibstz_2018_24-300x191.jpg 300w, https:\/\/ts.meusebach.de\/wp-content\/uploads\/2018\/05\/Maibstz_2018_24-768x488.jpg 768w\" sizes=\"auto, (max-width: 750px) 100vw, 750px\" \/>\n\t\t\t<\/div><\/figure><figure class='gallery-item'>\n\t\t\t<div class='gallery-icon landscape'>\n\t\t\t\t<img loading=\"lazy\" decoding=\"async\" width=\"750\" height=\"618\" src=\"https:\/\/ts.meusebach.de\/wp-content\/uploads\/2018\/05\/Maibstz_2018_26.jpg\" class=\"attachment-large size-large\" alt=\"\" srcset=\"https:\/\/ts.meusebach.de\/wp-content\/uploads\/2018\/05\/Maibstz_2018_26.jpg 800w, https:\/\/ts.meusebach.de\/wp-content\/uploads\/2018\/05\/Maibstz_2018_26-300x247.jpg 300w, https:\/\/ts.meusebach.de\/wp-content\/uploads\/2018\/05\/Maibstz_2018_26-768x633.jpg 768w\" sizes=\"auto, (max-width: 750px) 100vw, 750px\" \/>\n\t\t\t<\/div><\/figure><figure class='gallery-item'>\n\t\t\t<div class='gallery-icon landscape'>\n\t\t\t\t<img loading=\"lazy\" decoding=\"async\" width=\"750\" height=\"725\" src=\"https:\/\/ts.meusebach.de\/wp-content\/uploads\/2018\/05\/Maibstz_2018_27.jpg\" class=\"attachment-large size-large\" alt=\"\" srcset=\"https:\/\/ts.meusebach.de\/wp-content\/uploads\/2018\/05\/Maibstz_2018_27.jpg 800w, https:\/\/ts.meusebach.de\/wp-content\/uploads\/2018\/05\/Maibstz_2018_27-300x290.jpg 300w, https:\/\/ts.meusebach.de\/wp-content\/uploads\/2018\/05\/Maibstz_2018_27-768x742.jpg 768w\" sizes=\"auto, (max-width: 750px) 100vw, 750px\" \/>\n\t\t\t<\/div><\/figure><figure class='gallery-item'>\n\t\t\t<div class='gallery-icon landscape'>\n\t\t\t\t<img loading=\"lazy\" decoding=\"async\" width=\"750\" height=\"469\" src=\"https:\/\/ts.meusebach.de\/wp-content\/uploads\/2018\/05\/Maibstz_2018_25.jpg\" class=\"attachment-large size-large\" alt=\"\" srcset=\"https:\/\/ts.meusebach.de\/wp-content\/uploads\/2018\/05\/Maibstz_2018_25.jpg 800w, https:\/\/ts.meusebach.de\/wp-content\/uploads\/2018\/05\/Maibstz_2018_25-300x188.jpg 300w, https:\/\/ts.meusebach.de\/wp-content\/uploads\/2018\/05\/Maibstz_2018_25-768x480.jpg 768w\" sizes=\"auto, (max-width: 750px) 100vw, 750px\" \/>\n\t\t\t<\/div><\/figure><figure class='gallery-item'>\n\t\t\t<div class='gallery-icon landscape'>\n\t\t\t\t<img loading=\"lazy\" decoding=\"async\" width=\"750\" height=\"563\" src=\"https:\/\/ts.meusebach.de\/wp-content\/uploads\/2018\/05\/Maibstz_2018_29.jpg\" class=\"attachment-large size-large\" alt=\"\" srcset=\"https:\/\/ts.meusebach.de\/wp-content\/uploads\/2018\/05\/Maibstz_2018_29.jpg 800w, https:\/\/ts.meusebach.de\/wp-content\/uploads\/2018\/05\/Maibstz_2018_29-300x225.jpg 300w, https:\/\/ts.meusebach.de\/wp-content\/uploads\/2018\/05\/Maibstz_2018_29-768x576.jpg 768w, https:\/\/ts.meusebach.de\/wp-content\/uploads\/2018\/05\/Maibstz_2018_29-100x75.jpg 100w\" sizes=\"auto, (max-width: 750px) 100vw, 750px\" \/>\n\t\t\t<\/div><\/figure><figure class='gallery-item'>\n\t\t\t<div class='gallery-icon portrait'>\n\t\t\t\t<img loading=\"lazy\" decoding=\"async\" width=\"512\" height=\"768\" src=\"https:\/\/ts.meusebach.de\/wp-content\/uploads\/2018\/05\/Maibstz_2018_15.jpg\" class=\"attachment-large size-large\" alt=\"\" aria-describedby=\"gallery-1-459\" srcset=\"https:\/\/ts.meusebach.de\/wp-content\/uploads\/2018\/05\/Maibstz_2018_15.jpg 512w, https:\/\/ts.meusebach.de\/wp-content\/uploads\/2018\/05\/Maibstz_2018_15-200x300.jpg 200w\" sizes=\"auto, (max-width: 512px) 100vw, 512px\" \/>\n\t\t\t<\/div>\n\t\t\t\t<figcaption class='wp-caption-text gallery-caption' id='gallery-1-459'>\n\t\t\t\tMaibaumsetzen Meusebach 2018\n\t\t\t\t<\/figcaption><\/figure><figure class='gallery-item'>\n\t\t\t<div class='gallery-icon landscape'>\n\t\t\t\t<img loading=\"lazy\" decoding=\"async\" width=\"750\" height=\"522\" src=\"https:\/\/ts.meusebach.de\/wp-content\/uploads\/2018\/05\/Maibstz_2018_3.jpg\" class=\"attachment-large size-large\" alt=\"\" aria-describedby=\"gallery-1-447\" srcset=\"https:\/\/ts.meusebach.de\/wp-content\/uploads\/2018\/05\/Maibstz_2018_3.jpg 800w, https:\/\/ts.meusebach.de\/wp-content\/uploads\/2018\/05\/Maibstz_2018_3-300x209.jpg 300w, https:\/\/ts.meusebach.de\/wp-content\/uploads\/2018\/05\/Maibstz_2018_3-768x535.jpg 768w\" sizes=\"auto, (max-width: 750px) 100vw, 750px\" \/>\n\t\t\t<\/div>\n\t\t\t\t<figcaption class='wp-caption-text gallery-caption' id='gallery-1-447'>\n\t\t\t\tMaibaumsetzen Meusebach 2018\n\t\t\t\t<\/figcaption><\/figure><figure class='gallery-item'>\n\t\t\t<div class='gallery-icon landscape'>\n\t\t\t\t<img loading=\"lazy\" decoding=\"async\" width=\"750\" height=\"500\" src=\"https:\/\/ts.meusebach.de\/wp-content\/uploads\/2018\/05\/Maibstz_2018_2.jpg\" class=\"attachment-large size-large\" alt=\"\" aria-describedby=\"gallery-1-446\" srcset=\"https:\/\/ts.meusebach.de\/wp-content\/uploads\/2018\/05\/Maibstz_2018_2.jpg 800w, https:\/\/ts.meusebach.de\/wp-content\/uploads\/2018\/05\/Maibstz_2018_2-300x200.jpg 300w, https:\/\/ts.meusebach.de\/wp-content\/uploads\/2018\/05\/Maibstz_2018_2-768x512.jpg 768w, https:\/\/ts.meusebach.de\/wp-content\/uploads\/2018\/05\/Maibstz_2018_2-420x280.jpg 420w\" sizes=\"auto, (max-width: 750px) 100vw, 750px\" \/>\n\t\t\t<\/div>\n\t\t\t\t<figcaption class='wp-caption-text gallery-caption' id='gallery-1-446'>\n\t\t\t\tMaibaumsetzen Meusebach 2018\n\t\t\t\t<\/figcaption><\/figure><figure class='gallery-item'>\n\t\t\t<div class='gallery-icon landscape'>\n\t\t\t\t<img loading=\"lazy\" decoding=\"async\" width=\"750\" height=\"481\" src=\"https:\/\/ts.meusebach.de\/wp-content\/uploads\/2018\/05\/Maibstz_2018_4.jpg\" class=\"attachment-large size-large\" alt=\"\" aria-describedby=\"gallery-1-448\" srcset=\"https:\/\/ts.meusebach.de\/wp-content\/uploads\/2018\/05\/Maibstz_2018_4.jpg 800w, https:\/\/ts.meusebach.de\/wp-content\/uploads\/2018\/05\/Maibstz_2018_4-300x192.jpg 300w, https:\/\/ts.meusebach.de\/wp-content\/uploads\/2018\/05\/Maibstz_2018_4-768x492.jpg 768w\" sizes=\"auto, (max-width: 750px) 100vw, 750px\" \/>\n\t\t\t<\/div>\n\t\t\t\t<figcaption class='wp-caption-text gallery-caption' id='gallery-1-448'>\n\t\t\t\tMaibaumsetzen Meusebach 2018\n\t\t\t\t<\/figcaption><\/figure><figure class='gallery-item'>\n\t\t\t<div class='gallery-icon landscape'>\n\t\t\t\t<img loading=\"lazy\" decoding=\"async\" width=\"750\" height=\"500\" src=\"https:\/\/ts.meusebach.de\/wp-content\/uploads\/2018\/05\/Maibstz_2018_5.jpg\" class=\"attachment-large size-large\" alt=\"\" aria-describedby=\"gallery-1-449\" srcset=\"https:\/\/ts.meusebach.de\/wp-content\/uploads\/2018\/05\/Maibstz_2018_5.jpg 800w, https:\/\/ts.meusebach.de\/wp-content\/uploads\/2018\/05\/Maibstz_2018_5-300x200.jpg 300w, https:\/\/ts.meusebach.de\/wp-content\/uploads\/2018\/05\/Maibstz_2018_5-768x512.jpg 768w, https:\/\/ts.meusebach.de\/wp-content\/uploads\/2018\/05\/Maibstz_2018_5-420x280.jpg 420w\" sizes=\"auto, (max-width: 750px) 100vw, 750px\" \/>\n\t\t\t<\/div>\n\t\t\t\t<figcaption class='wp-caption-text gallery-caption' id='gallery-1-449'>\n\t\t\t\tMaibaumsetzen Meusebach 2018\n\t\t\t\t<\/figcaption><\/figure><figure class='gallery-item'>\n\t\t\t<div class='gallery-icon landscape'>\n\t\t\t\t<img loading=\"lazy\" decoding=\"async\" width=\"750\" height=\"449\" src=\"https:\/\/ts.meusebach.de\/wp-content\/uploads\/2018\/05\/Maibstz_2018_6.jpg\" class=\"attachment-large size-large\" alt=\"\" aria-describedby=\"gallery-1-450\" srcset=\"https:\/\/ts.meusebach.de\/wp-content\/uploads\/2018\/05\/Maibstz_2018_6.jpg 800w, https:\/\/ts.meusebach.de\/wp-content\/uploads\/2018\/05\/Maibstz_2018_6-300x180.jpg 300w, https:\/\/ts.meusebach.de\/wp-content\/uploads\/2018\/05\/Maibstz_2018_6-768x460.jpg 768w, https:\/\/ts.meusebach.de\/wp-content\/uploads\/2018\/05\/Maibstz_2018_6-750x450.jpg 750w\" sizes=\"auto, (max-width: 750px) 100vw, 750px\" \/>\n\t\t\t<\/div>\n\t\t\t\t<figcaption class='wp-caption-text gallery-caption' id='gallery-1-450'>\n\t\t\t\tMaibaumsetzen Meusebach 2018\n\t\t\t\t<\/figcaption><\/figure><figure class='gallery-item'>\n\t\t\t<div class='gallery-icon portrait'>\n\t\t\t\t<img loading=\"lazy\" decoding=\"async\" width=\"683\" height=\"1024\" src=\"https:\/\/ts.meusebach.de\/wp-content\/uploads\/2018\/05\/Maibstz_2018_7-683x1024.jpg\" class=\"attachment-large size-large\" alt=\"\" aria-describedby=\"gallery-1-451\" srcset=\"https:\/\/ts.meusebach.de\/wp-content\/uploads\/2018\/05\/Maibstz_2018_7-683x1024.jpg 683w, https:\/\/ts.meusebach.de\/wp-content\/uploads\/2018\/05\/Maibstz_2018_7-200x300.jpg 200w, https:\/\/ts.meusebach.de\/wp-content\/uploads\/2018\/05\/Maibstz_2018_7-768x1152.jpg 768w, https:\/\/ts.meusebach.de\/wp-content\/uploads\/2018\/05\/Maibstz_2018_7.jpg 800w\" sizes=\"auto, (max-width: 683px) 100vw, 683px\" \/>\n\t\t\t<\/div>\n\t\t\t\t<figcaption class='wp-caption-text gallery-caption' id='gallery-1-451'>\n\t\t\t\tMaibaumsetzen Meusebach 2018\n\t\t\t\t<\/figcaption><\/figure><figure class='gallery-item'>\n\t\t\t<div class='gallery-icon landscape'>\n\t\t\t\t<img loading=\"lazy\" decoding=\"async\" width=\"750\" height=\"500\" src=\"https:\/\/ts.meusebach.de\/wp-content\/uploads\/2018\/05\/Maibstz_2018_8.jpg\" class=\"attachment-large size-large\" alt=\"\" aria-describedby=\"gallery-1-452\" srcset=\"https:\/\/ts.meusebach.de\/wp-content\/uploads\/2018\/05\/Maibstz_2018_8.jpg 800w, https:\/\/ts.meusebach.de\/wp-content\/uploads\/2018\/05\/Maibstz_2018_8-300x200.jpg 300w, https:\/\/ts.meusebach.de\/wp-content\/uploads\/2018\/05\/Maibstz_2018_8-768x512.jpg 768w, https:\/\/ts.meusebach.de\/wp-content\/uploads\/2018\/05\/Maibstz_2018_8-420x280.jpg 420w\" sizes=\"auto, (max-width: 750px) 100vw, 750px\" \/>\n\t\t\t<\/div>\n\t\t\t\t<figcaption class='wp-caption-text gallery-caption' id='gallery-1-452'>\n\t\t\t\tMaibaumsetzen Meusebach 2018\n\t\t\t\t<\/figcaption><\/figure><figure class='gallery-item'>\n\t\t\t<div class='gallery-icon landscape'>\n\t\t\t\t<img loading=\"lazy\" decoding=\"async\" width=\"750\" height=\"593\" src=\"https:\/\/ts.meusebach.de\/wp-content\/uploads\/2018\/05\/Maibstz_2018_9.jpg\" class=\"attachment-large size-large\" alt=\"\" aria-describedby=\"gallery-1-453\" srcset=\"https:\/\/ts.meusebach.de\/wp-content\/uploads\/2018\/05\/Maibstz_2018_9.jpg 800w, https:\/\/ts.meusebach.de\/wp-content\/uploads\/2018\/05\/Maibstz_2018_9-300x237.jpg 300w, https:\/\/ts.meusebach.de\/wp-content\/uploads\/2018\/05\/Maibstz_2018_9-768x608.jpg 768w\" sizes=\"auto, (max-width: 750px) 100vw, 750px\" \/>\n\t\t\t<\/div>\n\t\t\t\t<figcaption class='wp-caption-text gallery-caption' id='gallery-1-453'>\n\t\t\t\tMaibaumsetzen Meusebach 2018\n\t\t\t\t<\/figcaption><\/figure><figure class='gallery-item'>\n\t\t\t<div class='gallery-icon landscape'>\n\t\t\t\t<img loading=\"lazy\" decoding=\"async\" width=\"750\" height=\"672\" src=\"https:\/\/ts.meusebach.de\/wp-content\/uploads\/2018\/05\/Maibstz_2018_10.jpg\" class=\"attachment-large size-large\" alt=\"\" aria-describedby=\"gallery-1-454\" srcset=\"https:\/\/ts.meusebach.de\/wp-content\/uploads\/2018\/05\/Maibstz_2018_10.jpg 800w, https:\/\/ts.meusebach.de\/wp-content\/uploads\/2018\/05\/Maibstz_2018_10-300x269.jpg 300w, https:\/\/ts.meusebach.de\/wp-content\/uploads\/2018\/05\/Maibstz_2018_10-768x688.jpg 768w\" sizes=\"auto, (max-width: 750px) 100vw, 750px\" \/>\n\t\t\t<\/div>\n\t\t\t\t<figcaption class='wp-caption-text gallery-caption' id='gallery-1-454'>\n\t\t\t\tMaibaumsetzen Meusebach 2018\n\t\t\t\t<\/figcaption><\/figure><figure class='gallery-item'>\n\t\t\t<div class='gallery-icon landscape'>\n\t\t\t\t<img loading=\"lazy\" decoding=\"async\" width=\"750\" height=\"500\" src=\"https:\/\/ts.meusebach.de\/wp-content\/uploads\/2018\/05\/Maibstz_2018_11.jpg\" class=\"attachment-large size-large\" alt=\"\" aria-describedby=\"gallery-1-455\" srcset=\"https:\/\/ts.meusebach.de\/wp-content\/uploads\/2018\/05\/Maibstz_2018_11.jpg 800w, https:\/\/ts.meusebach.de\/wp-content\/uploads\/2018\/05\/Maibstz_2018_11-300x200.jpg 300w, https:\/\/ts.meusebach.de\/wp-content\/uploads\/2018\/05\/Maibstz_2018_11-768x512.jpg 768w, https:\/\/ts.meusebach.de\/wp-content\/uploads\/2018\/05\/Maibstz_2018_11-420x280.jpg 420w\" sizes=\"auto, (max-width: 750px) 100vw, 750px\" \/>\n\t\t\t<\/div>\n\t\t\t\t<figcaption class='wp-caption-text gallery-caption' id='gallery-1-455'>\n\t\t\t\tMaibaumsetzen Meusebach 2018\n\t\t\t\t<\/figcaption><\/figure><figure class='gallery-item'>\n\t\t\t<div class='gallery-icon portrait'>\n\t\t\t\t<img loading=\"lazy\" decoding=\"async\" width=\"750\" height=\"916\" src=\"https:\/\/ts.meusebach.de\/wp-content\/uploads\/2018\/05\/Maibstz_2018_12.jpg\" class=\"attachment-large size-large\" alt=\"\" aria-describedby=\"gallery-1-456\" srcset=\"https:\/\/ts.meusebach.de\/wp-content\/uploads\/2018\/05\/Maibstz_2018_12.jpg 800w, https:\/\/ts.meusebach.de\/wp-content\/uploads\/2018\/05\/Maibstz_2018_12-246x300.jpg 246w, https:\/\/ts.meusebach.de\/wp-content\/uploads\/2018\/05\/Maibstz_2018_12-768x938.jpg 768w\" sizes=\"auto, (max-width: 750px) 100vw, 750px\" \/>\n\t\t\t<\/div>\n\t\t\t\t<figcaption class='wp-caption-text gallery-caption' id='gallery-1-456'>\n\t\t\t\tMaibaumsetzen Meusebach 2018\n\t\t\t\t<\/figcaption><\/figure><figure class='gallery-item'>\n\t\t\t<div class='gallery-icon landscape'>\n\t\t\t\t<img loading=\"lazy\" decoding=\"async\" width=\"750\" height=\"500\" src=\"https:\/\/ts.meusebach.de\/wp-content\/uploads\/2018\/05\/Maibstz_2018_13.jpg\" class=\"attachment-large size-large\" alt=\"\" aria-describedby=\"gallery-1-457\" srcset=\"https:\/\/ts.meusebach.de\/wp-content\/uploads\/2018\/05\/Maibstz_2018_13.jpg 800w, https:\/\/ts.meusebach.de\/wp-content\/uploads\/2018\/05\/Maibstz_2018_13-300x200.jpg 300w, https:\/\/ts.meusebach.de\/wp-content\/uploads\/2018\/05\/Maibstz_2018_13-768x512.jpg 768w, https:\/\/ts.meusebach.de\/wp-content\/uploads\/2018\/05\/Maibstz_2018_13-420x280.jpg 420w\" sizes=\"auto, (max-width: 750px) 100vw, 750px\" \/>\n\t\t\t<\/div>\n\t\t\t\t<figcaption class='wp-caption-text gallery-caption' id='gallery-1-457'>\n\t\t\t\tMaibaumsetzen Meusebach 2018\n\t\t\t\t<\/figcaption><\/figure><figure class='gallery-item'>\n\t\t\t<div class='gallery-icon landscape'>\n\t\t\t\t<img loading=\"lazy\" decoding=\"async\" width=\"750\" height=\"517\" src=\"https:\/\/ts.meusebach.de\/wp-content\/uploads\/2018\/05\/Maibstz_2018_14.jpg\" class=\"attachment-large size-large\" alt=\"\" aria-describedby=\"gallery-1-458\" srcset=\"https:\/\/ts.meusebach.de\/wp-content\/uploads\/2018\/05\/Maibstz_2018_14.jpg 800w, https:\/\/ts.meusebach.de\/wp-content\/uploads\/2018\/05\/Maibstz_2018_14-300x207.jpg 300w, https:\/\/ts.meusebach.de\/wp-content\/uploads\/2018\/05\/Maibstz_2018_14-768x529.jpg 768w\" sizes=\"auto, (max-width: 750px) 100vw, 750px\" \/>\n\t\t\t<\/div>\n\t\t\t\t<figcaption class='wp-caption-text gallery-caption' id='gallery-1-458'>\n\t\t\t\tMaibaumsetzen Meusebach 2018\n\t\t\t\t<\/figcaption><\/figure><figure class='gallery-item'>\n\t\t\t<div class='gallery-icon landscape'>\n\t\t\t\t<img loading=\"lazy\" decoding=\"async\" width=\"750\" height=\"563\" src=\"https:\/\/ts.meusebach.de\/wp-content\/uploads\/2018\/05\/Maibstz_2018_28.jpg\" class=\"attachment-large size-large\" alt=\"\" srcset=\"https:\/\/ts.meusebach.de\/wp-content\/uploads\/2018\/05\/Maibstz_2018_28.jpg 800w, https:\/\/ts.meusebach.de\/wp-content\/uploads\/2018\/05\/Maibstz_2018_28-300x225.jpg 300w, https:\/\/ts.meusebach.de\/wp-content\/uploads\/2018\/05\/Maibstz_2018_28-768x576.jpg 768w, https:\/\/ts.meusebach.de\/wp-content\/uploads\/2018\/05\/Maibstz_2018_28-100x75.jpg 100w\" sizes=\"auto, (max-width: 750px) 100vw, 750px\" \/>\n\t\t\t<\/div><\/figure><figure class='gallery-item'>\n\t\t\t<div class='gallery-icon landscape'>\n\t\t\t\t<img loading=\"lazy\" decoding=\"async\" width=\"750\" height=\"538\" src=\"https:\/\/ts.meusebach.de\/wp-content\/uploads\/2018\/05\/Maibstz_2018_30.jpg\" class=\"attachment-large size-large\" alt=\"\" srcset=\"https:\/\/ts.meusebach.de\/wp-content\/uploads\/2018\/05\/Maibstz_2018_30.jpg 800w, https:\/\/ts.meusebach.de\/wp-content\/uploads\/2018\/05\/Maibstz_2018_30-300x215.jpg 300w, https:\/\/ts.meusebach.de\/wp-content\/uploads\/2018\/05\/Maibstz_2018_30-768x551.jpg 768w\" sizes=\"auto, (max-width: 750px) 100vw, 750px\" \/>\n\t\t\t<\/div><\/figure><figure class='gallery-item'>\n\t\t\t<div class='gallery-icon portrait'>\n\t\t\t\t<img loading=\"lazy\" decoding=\"async\" width=\"512\" height=\"683\" src=\"https:\/\/ts.meusebach.de\/wp-content\/uploads\/2018\/05\/Maibstz_2018_31.jpg\" class=\"attachment-large size-large\" alt=\"\" srcset=\"https:\/\/ts.meusebach.de\/wp-content\/uploads\/2018\/05\/Maibstz_2018_31.jpg 512w, https:\/\/ts.meusebach.de\/wp-content\/uploads\/2018\/05\/Maibstz_2018_31-225x300.jpg 225w\" sizes=\"auto, (max-width: 512px) 100vw, 512px\" \/>\n\t\t\t<\/div><\/figure><figure class='gallery-item'>\n\t\t\t<div class='gallery-icon landscape'>\n\t\t\t\t<img loading=\"lazy\" decoding=\"async\" width=\"750\" height=\"488\" src=\"https:\/\/ts.meusebach.de\/wp-content\/uploads\/2018\/05\/Maibstz_2018_32.jpg\" class=\"attachment-large size-large\" alt=\"\" srcset=\"https:\/\/ts.meusebach.de\/wp-content\/uploads\/2018\/05\/Maibstz_2018_32.jpg 800w, https:\/\/ts.meusebach.de\/wp-content\/uploads\/2018\/05\/Maibstz_2018_32-300x195.jpg 300w, https:\/\/ts.meusebach.de\/wp-content\/uploads\/2018\/05\/Maibstz_2018_32-768x499.jpg 768w\" sizes=\"auto, (max-width: 750px) 100vw, 750px\" \/>\n\t\t\t<\/div><\/figure>\n\t\t<\/div>\n\n","protected":false},"excerpt":{"rendered":"<p>Am Pfingstsonntag 2018 fand unser traditionelles Maibaumsetzen statt. Nachdem das Dorf und das Dorfgemeinschaftshaus geputzt wurden, konnte beim sch\u00f6nsten Sonnenschein unsere G\u00e4ste die Blasmusik von<\/p>\n","protected":false},"author":1,"featured_media":0,"parent":406,"menu_order":0,"comment_status":"closed","ping_status":"closed","template":"template-fullwidth.php","meta":{"spay_email":"","footnotes":""},"class_list":["post-429","page","type-page","status-publish","hentry"],"_links":{"self":[{"href":"https:\/\/ts.meusebach.de\/index.php?rest_route=\/wp\/v2\/pages\/429","targetHints":{"allow":["GET"]}}],"collection":[{"href":"https:\/\/ts.meusebach.de\/index.php?rest_route=\/wp\/v2\/pages"}],"about":[{"href":"https:\/\/ts.meusebach.de\/index.php?rest_route=\/wp\/v2\/types\/page"}],"author":[{"embeddable":true,"href":"https:\/\/ts.meusebach.de\/index.php?rest_route=\/wp\/v2\/users\/1"}],"replies":[{"embeddable":true,"href":"https:\/\/ts.meusebach.de\/index.php?rest_route=%2Fwp%2Fv2%2Fcomments&post=429"}],"version-history":[{"count":6,"href":"https:\/\/ts.meusebach.de\/index.php?rest_route=\/wp\/v2\/pages\/429\/revisions"}],"predecessor-version":[{"id":480,"href":"https:\/\/ts.meusebach.de\/index.php?rest_route=\/wp\/v2\/pages\/429\/revisions\/480"}],"up":[{"embeddable":true,"href":"https:\/\/ts.meusebach.de\/index.php?rest_route=\/wp\/v2\/pages\/406"}],"wp:attachment":[{"href":"https:\/\/ts.meusebach.de\/index.php?rest_route=%2Fwp%2Fv2%2Fmedia&parent=429"}],"curies":[{"name":"wp","href":"https:\/\/api.w.org\/{rel}","templated":true}]}}