{"id":369,"date":"2017-10-28T16:58:26","date_gmt":"2017-10-28T16:58:26","guid":{"rendered":"http:\/\/ts.meusebach.de\/?page_id=369"},"modified":"2018-02-28T17:06:03","modified_gmt":"2018-02-28T17:06:03","slug":"familienwanderung-2017","status":"publish","type":"page","link":"https:\/\/ts.meusebach.de\/?page_id=369","title":{"rendered":"Familienwanderung 2017"},"content":{"rendered":"<p>Es ging in diesem Jahr seit langer Zeit mal wieder in Richtung Rollenbergh\u00fctte. Der Herbst hatte seine Arbeit schon getan und die B\u00e4ume bunt gef\u00e4rbt. Auch Pilze waren am Wegrand zu finden. Leider regnete es am Nachmittag und der Laternenumzug war dann etwas feucht von oben.<\/p>\n<div id='gallery-1' class='gallery galleryid-369 gallery-columns-3 gallery-size-medium'><figure class='gallery-item'>\n\t\t\t<div class='gallery-icon landscape'>\n\t\t\t\t<a href='https:\/\/ts.meusebach.de\/?attachment_id=371'><img loading=\"lazy\" decoding=\"async\" width=\"300\" height=\"246\" src=\"https:\/\/ts.meusebach.de\/wp-content\/uploads\/2018\/02\/FamWandrg_2018_1-300x246.jpg\" class=\"attachment-medium size-medium\" alt=\"\" srcset=\"https:\/\/ts.meusebach.de\/wp-content\/uploads\/2018\/02\/FamWandrg_2018_1-300x246.jpg 300w, https:\/\/ts.meusebach.de\/wp-content\/uploads\/2018\/02\/FamWandrg_2018_1-768x631.jpg 768w, https:\/\/ts.meusebach.de\/wp-content\/uploads\/2018\/02\/FamWandrg_2018_1.jpg 800w\" sizes=\"auto, (max-width: 300px) 100vw, 300px\" \/><\/a>\n\t\t\t<\/div><\/figure><figure class='gallery-item'>\n\t\t\t<div class='gallery-icon landscape'>\n\t\t\t\t<a href='https:\/\/ts.meusebach.de\/?attachment_id=372'><img loading=\"lazy\" decoding=\"async\" width=\"300\" height=\"258\" src=\"https:\/\/ts.meusebach.de\/wp-content\/uploads\/2018\/02\/FamWandrg_2018_2-300x258.jpg\" class=\"attachment-medium size-medium\" alt=\"\" srcset=\"https:\/\/ts.meusebach.de\/wp-content\/uploads\/2018\/02\/FamWandrg_2018_2-300x258.jpg 300w, https:\/\/ts.meusebach.de\/wp-content\/uploads\/2018\/02\/FamWandrg_2018_2-768x660.jpg 768w, https:\/\/ts.meusebach.de\/wp-content\/uploads\/2018\/02\/FamWandrg_2018_2.jpg 800w\" sizes=\"auto, (max-width: 300px) 100vw, 300px\" \/><\/a>\n\t\t\t<\/div><\/figure><figure class='gallery-item'>\n\t\t\t<div class='gallery-icon landscape'>\n\t\t\t\t<a href='https:\/\/ts.meusebach.de\/?attachment_id=373'><img loading=\"lazy\" decoding=\"async\" width=\"300\" height=\"251\" src=\"https:\/\/ts.meusebach.de\/wp-content\/uploads\/2018\/02\/FamWandrg_2018_3-300x251.jpg\" class=\"attachment-medium size-medium\" alt=\"\" srcset=\"https:\/\/ts.meusebach.de\/wp-content\/uploads\/2018\/02\/FamWandrg_2018_3-300x251.jpg 300w, https:\/\/ts.meusebach.de\/wp-content\/uploads\/2018\/02\/FamWandrg_2018_3-768x641.jpg 768w, https:\/\/ts.meusebach.de\/wp-content\/uploads\/2018\/02\/FamWandrg_2018_3.jpg 800w\" sizes=\"auto, (max-width: 300px) 100vw, 300px\" \/><\/a>\n\t\t\t<\/div><\/figure><figure class='gallery-item'>\n\t\t\t<div class='gallery-icon landscape'>\n\t\t\t\t<a href='https:\/\/ts.meusebach.de\/?attachment_id=374'><img loading=\"lazy\" decoding=\"async\" width=\"300\" height=\"209\" src=\"https:\/\/ts.meusebach.de\/wp-content\/uploads\/2018\/02\/FamWandrg_2018_4-300x209.jpg\" class=\"attachment-medium size-medium\" alt=\"\" srcset=\"https:\/\/ts.meusebach.de\/wp-content\/uploads\/2018\/02\/FamWandrg_2018_4-300x209.jpg 300w, https:\/\/ts.meusebach.de\/wp-content\/uploads\/2018\/02\/FamWandrg_2018_4-768x535.jpg 768w, https:\/\/ts.meusebach.de\/wp-content\/uploads\/2018\/02\/FamWandrg_2018_4.jpg 800w\" sizes=\"auto, (max-width: 300px) 100vw, 300px\" \/><\/a>\n\t\t\t<\/div><\/figure><figure class='gallery-item'>\n\t\t\t<div class='gallery-icon landscape'>\n\t\t\t\t<a href='https:\/\/ts.meusebach.de\/?attachment_id=375'><img loading=\"lazy\" decoding=\"async\" width=\"300\" height=\"231\" src=\"https:\/\/ts.meusebach.de\/wp-content\/uploads\/2018\/02\/FamWandrg_2018_5-300x231.jpg\" class=\"attachment-medium size-medium\" alt=\"\" srcset=\"https:\/\/ts.meusebach.de\/wp-content\/uploads\/2018\/02\/FamWandrg_2018_5-300x231.jpg 300w, https:\/\/ts.meusebach.de\/wp-content\/uploads\/2018\/02\/FamWandrg_2018_5-768x591.jpg 768w, https:\/\/ts.meusebach.de\/wp-content\/uploads\/2018\/02\/FamWandrg_2018_5.jpg 800w\" sizes=\"auto, (max-width: 300px) 100vw, 300px\" \/><\/a>\n\t\t\t<\/div><\/figure><figure class='gallery-item'>\n\t\t\t<div class='gallery-icon landscape'>\n\t\t\t\t<a href='https:\/\/ts.meusebach.de\/?attachment_id=376'><img loading=\"lazy\" decoding=\"async\" width=\"300\" height=\"207\" src=\"https:\/\/ts.meusebach.de\/wp-content\/uploads\/2018\/02\/FamWandrg_2018_6-300x207.jpg\" class=\"attachment-medium size-medium\" alt=\"\" srcset=\"https:\/\/ts.meusebach.de\/wp-content\/uploads\/2018\/02\/FamWandrg_2018_6-300x207.jpg 300w, https:\/\/ts.meusebach.de\/wp-content\/uploads\/2018\/02\/FamWandrg_2018_6-768x531.jpg 768w, https:\/\/ts.meusebach.de\/wp-content\/uploads\/2018\/02\/FamWandrg_2018_6.jpg 800w\" sizes=\"auto, (max-width: 300px) 100vw, 300px\" \/><\/a>\n\t\t\t<\/div><\/figure><figure class='gallery-item'>\n\t\t\t<div class='gallery-icon landscape'>\n\t\t\t\t<a href='https:\/\/ts.meusebach.de\/?attachment_id=377'><img loading=\"lazy\" decoding=\"async\" width=\"300\" height=\"261\" src=\"https:\/\/ts.meusebach.de\/wp-content\/uploads\/2018\/02\/FamWandrg_2018_7-300x261.jpg\" class=\"attachment-medium size-medium\" alt=\"\" srcset=\"https:\/\/ts.meusebach.de\/wp-content\/uploads\/2018\/02\/FamWandrg_2018_7-300x261.jpg 300w, https:\/\/ts.meusebach.de\/wp-content\/uploads\/2018\/02\/FamWandrg_2018_7-768x669.jpg 768w, https:\/\/ts.meusebach.de\/wp-content\/uploads\/2018\/02\/FamWandrg_2018_7.jpg 800w\" sizes=\"auto, (max-width: 300px) 100vw, 300px\" \/><\/a>\n\t\t\t<\/div><\/figure><figure class='gallery-item'>\n\t\t\t<div class='gallery-icon landscape'>\n\t\t\t\t<a href='https:\/\/ts.meusebach.de\/?attachment_id=378'><img loading=\"lazy\" decoding=\"async\" width=\"300\" height=\"242\" src=\"https:\/\/ts.meusebach.de\/wp-content\/uploads\/2018\/02\/FamWandrg_2018_8-300x242.jpg\" class=\"attachment-medium size-medium\" alt=\"\" srcset=\"https:\/\/ts.meusebach.de\/wp-content\/uploads\/2018\/02\/FamWandrg_2018_8-300x242.jpg 300w, https:\/\/ts.meusebach.de\/wp-content\/uploads\/2018\/02\/FamWandrg_2018_8-768x620.jpg 768w, https:\/\/ts.meusebach.de\/wp-content\/uploads\/2018\/02\/FamWandrg_2018_8.jpg 800w\" sizes=\"auto, (max-width: 300px) 100vw, 300px\" \/><\/a>\n\t\t\t<\/div><\/figure><figure class='gallery-item'>\n\t\t\t<div class='gallery-icon landscape'>\n\t\t\t\t<a href='https:\/\/ts.meusebach.de\/?attachment_id=379'><img loading=\"lazy\" decoding=\"async\" width=\"300\" height=\"254\" src=\"https:\/\/ts.meusebach.de\/wp-content\/uploads\/2018\/02\/FamWandrg_2018_9-300x254.jpg\" class=\"attachment-medium size-medium\" alt=\"\" srcset=\"https:\/\/ts.meusebach.de\/wp-content\/uploads\/2018\/02\/FamWandrg_2018_9-300x254.jpg 300w, https:\/\/ts.meusebach.de\/wp-content\/uploads\/2018\/02\/FamWandrg_2018_9-768x649.jpg 768w, https:\/\/ts.meusebach.de\/wp-content\/uploads\/2018\/02\/FamWandrg_2018_9.jpg 800w\" sizes=\"auto, (max-width: 300px) 100vw, 300px\" \/><\/a>\n\t\t\t<\/div><\/figure><figure class='gallery-item'>\n\t\t\t<div class='gallery-icon landscape'>\n\t\t\t\t<a href='https:\/\/ts.meusebach.de\/?attachment_id=380'><img loading=\"lazy\" decoding=\"async\" width=\"300\" height=\"227\" src=\"https:\/\/ts.meusebach.de\/wp-content\/uploads\/2018\/02\/FamWandrg_2018_10-300x227.jpg\" class=\"attachment-medium size-medium\" alt=\"\" srcset=\"https:\/\/ts.meusebach.de\/wp-content\/uploads\/2018\/02\/FamWandrg_2018_10-300x227.jpg 300w, https:\/\/ts.meusebach.de\/wp-content\/uploads\/2018\/02\/FamWandrg_2018_10-768x580.jpg 768w, https:\/\/ts.meusebach.de\/wp-content\/uploads\/2018\/02\/FamWandrg_2018_10-100x75.jpg 100w, https:\/\/ts.meusebach.de\/wp-content\/uploads\/2018\/02\/FamWandrg_2018_10.jpg 800w\" sizes=\"auto, (max-width: 300px) 100vw, 300px\" \/><\/a>\n\t\t\t<\/div><\/figure><figure class='gallery-item'>\n\t\t\t<div class='gallery-icon landscape'>\n\t\t\t\t<a href='https:\/\/ts.meusebach.de\/?attachment_id=381'><img loading=\"lazy\" decoding=\"async\" width=\"300\" height=\"268\" src=\"https:\/\/ts.meusebach.de\/wp-content\/uploads\/2018\/02\/FamWandrg_2018_11-300x268.jpg\" class=\"attachment-medium size-medium\" alt=\"\" srcset=\"https:\/\/ts.meusebach.de\/wp-content\/uploads\/2018\/02\/FamWandrg_2018_11-300x268.jpg 300w, https:\/\/ts.meusebach.de\/wp-content\/uploads\/2018\/02\/FamWandrg_2018_11-768x685.jpg 768w, https:\/\/ts.meusebach.de\/wp-content\/uploads\/2018\/02\/FamWandrg_2018_11.jpg 800w\" sizes=\"auto, (max-width: 300px) 100vw, 300px\" \/><\/a>\n\t\t\t<\/div><\/figure><figure class='gallery-item'>\n\t\t\t<div class='gallery-icon landscape'>\n\t\t\t\t<a href='https:\/\/ts.meusebach.de\/?attachment_id=382'><img loading=\"lazy\" decoding=\"async\" width=\"300\" height=\"228\" src=\"https:\/\/ts.meusebach.de\/wp-content\/uploads\/2018\/02\/FamWandrg_2018_12-300x228.jpg\" class=\"attachment-medium size-medium\" alt=\"\" srcset=\"https:\/\/ts.meusebach.de\/wp-content\/uploads\/2018\/02\/FamWandrg_2018_12-300x228.jpg 300w, https:\/\/ts.meusebach.de\/wp-content\/uploads\/2018\/02\/FamWandrg_2018_12-768x585.jpg 768w, https:\/\/ts.meusebach.de\/wp-content\/uploads\/2018\/02\/FamWandrg_2018_12-100x75.jpg 100w, https:\/\/ts.meusebach.de\/wp-content\/uploads\/2018\/02\/FamWandrg_2018_12.jpg 800w\" sizes=\"auto, (max-width: 300px) 100vw, 300px\" \/><\/a>\n\t\t\t<\/div><\/figure>\n\t\t<\/div>\n\n<p>&nbsp;<\/p>\n","protected":false},"excerpt":{"rendered":"<p>Es ging in diesem Jahr seit langer Zeit mal wieder in Richtung Rollenbergh\u00fctte. Der Herbst hatte seine Arbeit schon getan und die B\u00e4ume bunt gef\u00e4rbt.<\/p>\n","protected":false},"author":1,"featured_media":370,"parent":284,"menu_order":0,"comment_status":"closed","ping_status":"closed","template":"template-fullwidth.php","meta":{"spay_email":"","footnotes":""},"class_list":["post-369","page","type-page","status-publish","has-post-thumbnail","hentry"],"_links":{"self":[{"href":"https:\/\/ts.meusebach.de\/index.php?rest_route=\/wp\/v2\/pages\/369","targetHints":{"allow":["GET"]}}],"collection":[{"href":"https:\/\/ts.meusebach.de\/index.php?rest_route=\/wp\/v2\/pages"}],"about":[{"href":"https:\/\/ts.meusebach.de\/index.php?rest_route=\/wp\/v2\/types\/page"}],"author":[{"embeddable":true,"href":"https:\/\/ts.meusebach.de\/index.php?rest_route=\/wp\/v2\/users\/1"}],"replies":[{"embeddable":true,"href":"https:\/\/ts.meusebach.de\/index.php?rest_route=%2Fwp%2Fv2%2Fcomments&post=369"}],"version-history":[{"count":1,"href":"https:\/\/ts.meusebach.de\/index.php?rest_route=\/wp\/v2\/pages\/369\/revisions"}],"predecessor-version":[{"id":383,"href":"https:\/\/ts.meusebach.de\/index.php?rest_route=\/wp\/v2\/pages\/369\/revisions\/383"}],"up":[{"embeddable":true,"href":"https:\/\/ts.meusebach.de\/index.php?rest_route=\/wp\/v2\/pages\/284"}],"wp:featuredmedia":[{"embeddable":true,"href":"https:\/\/ts.meusebach.de\/index.php?rest_route=\/wp\/v2\/media\/370"}],"wp:attachment":[{"href":"https:\/\/ts.meusebach.de\/index.php?rest_route=%2Fwp%2Fv2%2Fmedia&parent=369"}],"curies":[{"name":"wp","href":"https:\/\/api.w.org\/{rel}","templated":true}]}}