{"id":290,"date":"2017-06-05T15:33:43","date_gmt":"2017-06-05T15:33:43","guid":{"rendered":"http:\/\/ts.meusebach.de\/?page_id=290"},"modified":"2017-06-05T16:30:04","modified_gmt":"2017-06-05T16:30:04","slug":"maibaumsetzen-2017","status":"publish","type":"page","link":"https:\/\/ts.meusebach.de\/?page_id=290","title":{"rendered":"Maibaumsetzen 2017"},"content":{"rendered":"<p>Am Sonntag, dem 21.5.2017, fand unser Maibausetzen statt. Wir konnten dank herrlichem Wetter viele G\u00e4ste begr\u00fc\u00dfen. F\u00fcr musikalische Unterhaltung sorgten die W\u00fcrschnitztaler Musikanten.<\/p>\n<div id='gallery-1' class='gallery galleryid-290 gallery-columns-3 gallery-size-medium'><figure class='gallery-item'>\n\t\t\t<div class='gallery-icon landscape'>\n\t\t\t\t<a href='https:\/\/ts.meusebach.de\/?attachment_id=293'><img loading=\"lazy\" decoding=\"async\" width=\"300\" height=\"225\" src=\"https:\/\/ts.meusebach.de\/wp-content\/uploads\/2017\/06\/Maibaumsetzen2017_1-300x225.jpg\" class=\"attachment-medium size-medium\" alt=\"\" srcset=\"https:\/\/ts.meusebach.de\/wp-content\/uploads\/2017\/06\/Maibaumsetzen2017_1-300x225.jpg 300w, https:\/\/ts.meusebach.de\/wp-content\/uploads\/2017\/06\/Maibaumsetzen2017_1-768x576.jpg 768w, https:\/\/ts.meusebach.de\/wp-content\/uploads\/2017\/06\/Maibaumsetzen2017_1-100x75.jpg 100w, https:\/\/ts.meusebach.de\/wp-content\/uploads\/2017\/06\/Maibaumsetzen2017_1.jpg 800w\" sizes=\"auto, (max-width: 300px) 100vw, 300px\" \/><\/a>\n\t\t\t<\/div><\/figure><figure class='gallery-item'>\n\t\t\t<div class='gallery-icon landscape'>\n\t\t\t\t<a href='https:\/\/ts.meusebach.de\/?attachment_id=294'><img loading=\"lazy\" decoding=\"async\" width=\"300\" height=\"225\" src=\"https:\/\/ts.meusebach.de\/wp-content\/uploads\/2017\/06\/Maibaumsetzen2017_2-300x225.jpg\" class=\"attachment-medium size-medium\" alt=\"\" srcset=\"https:\/\/ts.meusebach.de\/wp-content\/uploads\/2017\/06\/Maibaumsetzen2017_2-300x225.jpg 300w, https:\/\/ts.meusebach.de\/wp-content\/uploads\/2017\/06\/Maibaumsetzen2017_2-768x576.jpg 768w, https:\/\/ts.meusebach.de\/wp-content\/uploads\/2017\/06\/Maibaumsetzen2017_2-100x75.jpg 100w, https:\/\/ts.meusebach.de\/wp-content\/uploads\/2017\/06\/Maibaumsetzen2017_2.jpg 800w\" sizes=\"auto, (max-width: 300px) 100vw, 300px\" \/><\/a>\n\t\t\t<\/div><\/figure><figure class='gallery-item'>\n\t\t\t<div class='gallery-icon portrait'>\n\t\t\t\t<a href='https:\/\/ts.meusebach.de\/?attachment_id=295'><img loading=\"lazy\" decoding=\"async\" width=\"288\" height=\"300\" src=\"https:\/\/ts.meusebach.de\/wp-content\/uploads\/2017\/06\/Maibaumsetzen2017_3-288x300.jpg\" class=\"attachment-medium size-medium\" alt=\"\" srcset=\"https:\/\/ts.meusebach.de\/wp-content\/uploads\/2017\/06\/Maibaumsetzen2017_3-288x300.jpg 288w, https:\/\/ts.meusebach.de\/wp-content\/uploads\/2017\/06\/Maibaumsetzen2017_3-768x799.jpg 768w, https:\/\/ts.meusebach.de\/wp-content\/uploads\/2017\/06\/Maibaumsetzen2017_3.jpg 800w\" sizes=\"auto, (max-width: 288px) 100vw, 288px\" \/><\/a>\n\t\t\t<\/div><\/figure><figure class='gallery-item'>\n\t\t\t<div class='gallery-icon portrait'>\n\t\t\t\t<a href='https:\/\/ts.meusebach.de\/?attachment_id=296'><img loading=\"lazy\" decoding=\"async\" width=\"225\" height=\"300\" src=\"https:\/\/ts.meusebach.de\/wp-content\/uploads\/2017\/06\/Maibaumsetzen2017_4-225x300.jpg\" class=\"attachment-medium size-medium\" alt=\"\" srcset=\"https:\/\/ts.meusebach.de\/wp-content\/uploads\/2017\/06\/Maibaumsetzen2017_4-225x300.jpg 225w, https:\/\/ts.meusebach.de\/wp-content\/uploads\/2017\/06\/Maibaumsetzen2017_4.jpg 512w\" sizes=\"auto, (max-width: 225px) 100vw, 225px\" \/><\/a>\n\t\t\t<\/div><\/figure><figure class='gallery-item'>\n\t\t\t<div class='gallery-icon portrait'>\n\t\t\t\t<a href='https:\/\/ts.meusebach.de\/?attachment_id=297'><img loading=\"lazy\" decoding=\"async\" width=\"231\" height=\"300\" src=\"https:\/\/ts.meusebach.de\/wp-content\/uploads\/2017\/06\/Maibaumsetzen2017_5-231x300.jpg\" class=\"attachment-medium size-medium\" alt=\"\" srcset=\"https:\/\/ts.meusebach.de\/wp-content\/uploads\/2017\/06\/Maibaumsetzen2017_5-231x300.jpg 231w, https:\/\/ts.meusebach.de\/wp-content\/uploads\/2017\/06\/Maibaumsetzen2017_5.jpg 512w\" sizes=\"auto, (max-width: 231px) 100vw, 231px\" \/><\/a>\n\t\t\t<\/div><\/figure><figure class='gallery-item'>\n\t\t\t<div class='gallery-icon landscape'>\n\t\t\t\t<a href='https:\/\/ts.meusebach.de\/?attachment_id=298'><img loading=\"lazy\" decoding=\"async\" width=\"300\" height=\"250\" src=\"https:\/\/ts.meusebach.de\/wp-content\/uploads\/2017\/06\/Maibaumsetzen2017_6-300x250.jpg\" class=\"attachment-medium size-medium\" alt=\"\" srcset=\"https:\/\/ts.meusebach.de\/wp-content\/uploads\/2017\/06\/Maibaumsetzen2017_6-300x250.jpg 300w, https:\/\/ts.meusebach.de\/wp-content\/uploads\/2017\/06\/Maibaumsetzen2017_6-768x640.jpg 768w, https:\/\/ts.meusebach.de\/wp-content\/uploads\/2017\/06\/Maibaumsetzen2017_6.jpg 800w\" sizes=\"auto, (max-width: 300px) 100vw, 300px\" \/><\/a>\n\t\t\t<\/div><\/figure><figure class='gallery-item'>\n\t\t\t<div class='gallery-icon landscape'>\n\t\t\t\t<a href='https:\/\/ts.meusebach.de\/?attachment_id=299'><img loading=\"lazy\" decoding=\"async\" width=\"300\" height=\"225\" src=\"https:\/\/ts.meusebach.de\/wp-content\/uploads\/2017\/06\/Maibaumsetzen2017_7-300x225.jpg\" class=\"attachment-medium size-medium\" alt=\"\" srcset=\"https:\/\/ts.meusebach.de\/wp-content\/uploads\/2017\/06\/Maibaumsetzen2017_7-300x225.jpg 300w, https:\/\/ts.meusebach.de\/wp-content\/uploads\/2017\/06\/Maibaumsetzen2017_7-768x576.jpg 768w, https:\/\/ts.meusebach.de\/wp-content\/uploads\/2017\/06\/Maibaumsetzen2017_7-100x75.jpg 100w, https:\/\/ts.meusebach.de\/wp-content\/uploads\/2017\/06\/Maibaumsetzen2017_7.jpg 800w\" sizes=\"auto, (max-width: 300px) 100vw, 300px\" \/><\/a>\n\t\t\t<\/div><\/figure><figure class='gallery-item'>\n\t\t\t<div class='gallery-icon landscape'>\n\t\t\t\t<a href='https:\/\/ts.meusebach.de\/?attachment_id=300'><img loading=\"lazy\" decoding=\"async\" width=\"300\" height=\"225\" src=\"https:\/\/ts.meusebach.de\/wp-content\/uploads\/2017\/06\/Maibaumsetzen2017_8-300x225.jpg\" class=\"attachment-medium size-medium\" alt=\"\" srcset=\"https:\/\/ts.meusebach.de\/wp-content\/uploads\/2017\/06\/Maibaumsetzen2017_8-300x225.jpg 300w, https:\/\/ts.meusebach.de\/wp-content\/uploads\/2017\/06\/Maibaumsetzen2017_8-768x576.jpg 768w, https:\/\/ts.meusebach.de\/wp-content\/uploads\/2017\/06\/Maibaumsetzen2017_8-100x75.jpg 100w, https:\/\/ts.meusebach.de\/wp-content\/uploads\/2017\/06\/Maibaumsetzen2017_8.jpg 800w\" sizes=\"auto, (max-width: 300px) 100vw, 300px\" \/><\/a>\n\t\t\t<\/div><\/figure><figure class='gallery-item'>\n\t\t\t<div class='gallery-icon landscape'>\n\t\t\t\t<a href='https:\/\/ts.meusebach.de\/?attachment_id=301'><img loading=\"lazy\" decoding=\"async\" width=\"300\" height=\"225\" src=\"https:\/\/ts.meusebach.de\/wp-content\/uploads\/2017\/06\/Maibaumsetzen2017_9-300x225.jpg\" class=\"attachment-medium size-medium\" alt=\"\" srcset=\"https:\/\/ts.meusebach.de\/wp-content\/uploads\/2017\/06\/Maibaumsetzen2017_9-300x225.jpg 300w, https:\/\/ts.meusebach.de\/wp-content\/uploads\/2017\/06\/Maibaumsetzen2017_9-768x576.jpg 768w, https:\/\/ts.meusebach.de\/wp-content\/uploads\/2017\/06\/Maibaumsetzen2017_9-100x75.jpg 100w, https:\/\/ts.meusebach.de\/wp-content\/uploads\/2017\/06\/Maibaumsetzen2017_9.jpg 800w\" sizes=\"auto, (max-width: 300px) 100vw, 300px\" \/><\/a>\n\t\t\t<\/div><\/figure><figure class='gallery-item'>\n\t\t\t<div class='gallery-icon landscape'>\n\t\t\t\t<a href='https:\/\/ts.meusebach.de\/?attachment_id=302'><img loading=\"lazy\" decoding=\"async\" width=\"300\" height=\"218\" src=\"https:\/\/ts.meusebach.de\/wp-content\/uploads\/2017\/06\/Maibaumsetzen2017_10-300x218.jpg\" class=\"attachment-medium size-medium\" alt=\"\" srcset=\"https:\/\/ts.meusebach.de\/wp-content\/uploads\/2017\/06\/Maibaumsetzen2017_10-300x218.jpg 300w, https:\/\/ts.meusebach.de\/wp-content\/uploads\/2017\/06\/Maibaumsetzen2017_10-768x559.jpg 768w, https:\/\/ts.meusebach.de\/wp-content\/uploads\/2017\/06\/Maibaumsetzen2017_10.jpg 800w\" sizes=\"auto, (max-width: 300px) 100vw, 300px\" \/><\/a>\n\t\t\t<\/div><\/figure><figure class='gallery-item'>\n\t\t\t<div class='gallery-icon landscape'>\n\t\t\t\t<a href='https:\/\/ts.meusebach.de\/?attachment_id=303'><img loading=\"lazy\" decoding=\"async\" width=\"300\" height=\"225\" src=\"https:\/\/ts.meusebach.de\/wp-content\/uploads\/2017\/06\/Maibaumsetzen2017_11-300x225.jpg\" class=\"attachment-medium size-medium\" alt=\"\" srcset=\"https:\/\/ts.meusebach.de\/wp-content\/uploads\/2017\/06\/Maibaumsetzen2017_11-300x225.jpg 300w, https:\/\/ts.meusebach.de\/wp-content\/uploads\/2017\/06\/Maibaumsetzen2017_11-768x576.jpg 768w, https:\/\/ts.meusebach.de\/wp-content\/uploads\/2017\/06\/Maibaumsetzen2017_11-100x75.jpg 100w, https:\/\/ts.meusebach.de\/wp-content\/uploads\/2017\/06\/Maibaumsetzen2017_11.jpg 800w\" sizes=\"auto, (max-width: 300px) 100vw, 300px\" \/><\/a>\n\t\t\t<\/div><\/figure><figure class='gallery-item'>\n\t\t\t<div class='gallery-icon portrait'>\n\t\t\t\t<a href='https:\/\/ts.meusebach.de\/?attachment_id=304'><img loading=\"lazy\" decoding=\"async\" width=\"225\" height=\"300\" src=\"https:\/\/ts.meusebach.de\/wp-content\/uploads\/2017\/06\/Maibaumsetzen2017_12-225x300.jpg\" class=\"attachment-medium size-medium\" alt=\"\" srcset=\"https:\/\/ts.meusebach.de\/wp-content\/uploads\/2017\/06\/Maibaumsetzen2017_12-225x300.jpg 225w, https:\/\/ts.meusebach.de\/wp-content\/uploads\/2017\/06\/Maibaumsetzen2017_12.jpg 512w\" sizes=\"auto, (max-width: 225px) 100vw, 225px\" \/><\/a>\n\t\t\t<\/div><\/figure>\n\t\t<\/div>\n\n","protected":false},"excerpt":{"rendered":"<p>Am Sonntag, dem 21.5.2017, fand unser Maibausetzen statt. Wir konnten dank herrlichem Wetter viele G\u00e4ste begr\u00fc\u00dfen. F\u00fcr musikalische Unterhaltung sorgten die W\u00fcrschnitztaler Musikanten.<\/p>\n","protected":false},"author":1,"featured_media":0,"parent":284,"menu_order":0,"comment_status":"closed","ping_status":"closed","template":"template-fullwidth.php","meta":{"spay_email":"","footnotes":""},"class_list":["post-290","page","type-page","status-publish","hentry"],"_links":{"self":[{"href":"https:\/\/ts.meusebach.de\/index.php?rest_route=\/wp\/v2\/pages\/290","targetHints":{"allow":["GET"]}}],"collection":[{"href":"https:\/\/ts.meusebach.de\/index.php?rest_route=\/wp\/v2\/pages"}],"about":[{"href":"https:\/\/ts.meusebach.de\/index.php?rest_route=\/wp\/v2\/types\/page"}],"author":[{"embeddable":true,"href":"https:\/\/ts.meusebach.de\/index.php?rest_route=\/wp\/v2\/users\/1"}],"replies":[{"embeddable":true,"href":"https:\/\/ts.meusebach.de\/index.php?rest_route=%2Fwp%2Fv2%2Fcomments&post=290"}],"version-history":[{"count":3,"href":"https:\/\/ts.meusebach.de\/index.php?rest_route=\/wp\/v2\/pages\/290\/revisions"}],"predecessor-version":[{"id":305,"href":"https:\/\/ts.meusebach.de\/index.php?rest_route=\/wp\/v2\/pages\/290\/revisions\/305"}],"up":[{"embeddable":true,"href":"https:\/\/ts.meusebach.de\/index.php?rest_route=\/wp\/v2\/pages\/284"}],"wp:attachment":[{"href":"https:\/\/ts.meusebach.de\/index.php?rest_route=%2Fwp%2Fv2%2Fmedia&parent=290"}],"curies":[{"name":"wp","href":"https:\/\/api.w.org\/{rel}","templated":true}]}}