{"id":1577,"date":"2024-05-20T08:55:23","date_gmt":"2024-05-20T08:55:23","guid":{"rendered":"https:\/\/ts.meusebach.de\/?page_id=1577"},"modified":"2024-05-20T08:56:07","modified_gmt":"2024-05-20T08:56:07","slug":"maibaumsetzen-2024","status":"publish","type":"page","link":"https:\/\/ts.meusebach.de\/?page_id=1577","title":{"rendered":"Maibaumsetzen 2024"},"content":{"rendered":"\n<p>Sonnenschein und angenehme 25 Grad, aber auch der von den Meusebacher Frauen gebackene Kuchen, die H\u00fcpfeburg, die Ballonk\u00fcnstlerin, der Zuckerwatte-Waffel-Stand und das Gl\u00fccksrad zogen viele G\u00e4ste an.<br>Von den Nachwuchssetzern wurde ein Kindermaibaum gesetzt und das l\u00e4sst f\u00fcr die Zukunft hoffen.<br><\/p>\n\n\n\n<h3 class=\"wp-block-heading has-accent-color has-text-color has-link-color wp-elements-4f778919cdb7a4c94bda9c4b069b49d5\">Vielen Dank an unsere G\u00e4ste und ein besonders gro\u00dfes Dankesch\u00f6n an die vielen flei\u00dfigen freiwilligen Helfer aus Meusebach und von nah und fern, die alle mit zu einem gelungenem Fest beigetragen haben.<\/h3>\n\n\n\n<figure class=\"wp-block-gallery has-nested-images columns-default is-cropped wp-block-gallery-1 is-layout-flex wp-block-gallery-is-layout-flex\">\n<figure class=\"wp-block-image size-large\"><img loading=\"lazy\" decoding=\"async\" width=\"800\" height=\"615\" data-id=\"1589\" src=\"https:\/\/ts.meusebach.de\/wp-content\/uploads\/2024\/05\/Maibaumstz_2024_4.jpg\" alt=\"\" class=\"wp-image-1589\" srcset=\"https:\/\/ts.meusebach.de\/wp-content\/uploads\/2024\/05\/Maibaumstz_2024_4.jpg 800w, https:\/\/ts.meusebach.de\/wp-content\/uploads\/2024\/05\/Maibaumstz_2024_4-300x231.jpg 300w, https:\/\/ts.meusebach.de\/wp-content\/uploads\/2024\/05\/Maibaumstz_2024_4-768x590.jpg 768w\" sizes=\"auto, (max-width: 800px) 100vw, 800px\" \/><\/figure>\n\n\n\n<figure class=\"wp-block-image size-large\"><img loading=\"lazy\" decoding=\"async\" width=\"800\" height=\"467\" data-id=\"1578\" src=\"https:\/\/ts.meusebach.de\/wp-content\/uploads\/2024\/05\/Maibaumstz_2024_5.jpg\" alt=\"\" class=\"wp-image-1578\" srcset=\"https:\/\/ts.meusebach.de\/wp-content\/uploads\/2024\/05\/Maibaumstz_2024_5.jpg 800w, https:\/\/ts.meusebach.de\/wp-content\/uploads\/2024\/05\/Maibaumstz_2024_5-300x175.jpg 300w, https:\/\/ts.meusebach.de\/wp-content\/uploads\/2024\/05\/Maibaumstz_2024_5-768x448.jpg 768w\" sizes=\"auto, (max-width: 800px) 100vw, 800px\" \/><\/figure>\n\n\n\n<figure class=\"wp-block-image size-large\"><img loading=\"lazy\" decoding=\"async\" width=\"800\" height=\"594\" data-id=\"1588\" src=\"https:\/\/ts.meusebach.de\/wp-content\/uploads\/2024\/05\/Maibaumstz_2024_3.jpg\" alt=\"\" class=\"wp-image-1588\" srcset=\"https:\/\/ts.meusebach.de\/wp-content\/uploads\/2024\/05\/Maibaumstz_2024_3.jpg 800w, https:\/\/ts.meusebach.de\/wp-content\/uploads\/2024\/05\/Maibaumstz_2024_3-300x223.jpg 300w, https:\/\/ts.meusebach.de\/wp-content\/uploads\/2024\/05\/Maibaumstz_2024_3-768x570.jpg 768w, https:\/\/ts.meusebach.de\/wp-content\/uploads\/2024\/05\/Maibaumstz_2024_3-100x75.jpg 100w\" sizes=\"auto, (max-width: 800px) 100vw, 800px\" \/><\/figure>\n\n\n\n<figure class=\"wp-block-image size-large\"><img loading=\"lazy\" decoding=\"async\" width=\"800\" height=\"600\" data-id=\"1583\" src=\"https:\/\/ts.meusebach.de\/wp-content\/uploads\/2024\/05\/Maibaumstz_2024_6.jpg\" alt=\"\" class=\"wp-image-1583\" srcset=\"https:\/\/ts.meusebach.de\/wp-content\/uploads\/2024\/05\/Maibaumstz_2024_6.jpg 800w, https:\/\/ts.meusebach.de\/wp-content\/uploads\/2024\/05\/Maibaumstz_2024_6-300x225.jpg 300w, https:\/\/ts.meusebach.de\/wp-content\/uploads\/2024\/05\/Maibaumstz_2024_6-768x576.jpg 768w, https:\/\/ts.meusebach.de\/wp-content\/uploads\/2024\/05\/Maibaumstz_2024_6-100x75.jpg 100w\" sizes=\"auto, (max-width: 800px) 100vw, 800px\" \/><\/figure>\n\n\n\n<figure class=\"wp-block-image size-large\"><img loading=\"lazy\" decoding=\"async\" width=\"800\" height=\"598\" data-id=\"1587\" src=\"https:\/\/ts.meusebach.de\/wp-content\/uploads\/2024\/05\/Maibaumstz_2024_7.jpg\" alt=\"\" class=\"wp-image-1587\" srcset=\"https:\/\/ts.meusebach.de\/wp-content\/uploads\/2024\/05\/Maibaumstz_2024_7.jpg 800w, https:\/\/ts.meusebach.de\/wp-content\/uploads\/2024\/05\/Maibaumstz_2024_7-300x224.jpg 300w, https:\/\/ts.meusebach.de\/wp-content\/uploads\/2024\/05\/Maibaumstz_2024_7-768x574.jpg 768w, https:\/\/ts.meusebach.de\/wp-content\/uploads\/2024\/05\/Maibaumstz_2024_7-100x75.jpg 100w\" sizes=\"auto, (max-width: 800px) 100vw, 800px\" \/><\/figure>\n\n\n\n<figure class=\"wp-block-image size-large\"><img loading=\"lazy\" decoding=\"async\" width=\"800\" height=\"600\" data-id=\"1584\" src=\"https:\/\/ts.meusebach.de\/wp-content\/uploads\/2024\/05\/Maibaumstz_2024_8.jpg\" alt=\"\" class=\"wp-image-1584\" srcset=\"https:\/\/ts.meusebach.de\/wp-content\/uploads\/2024\/05\/Maibaumstz_2024_8.jpg 800w, https:\/\/ts.meusebach.de\/wp-content\/uploads\/2024\/05\/Maibaumstz_2024_8-300x225.jpg 300w, https:\/\/ts.meusebach.de\/wp-content\/uploads\/2024\/05\/Maibaumstz_2024_8-768x576.jpg 768w, https:\/\/ts.meusebach.de\/wp-content\/uploads\/2024\/05\/Maibaumstz_2024_8-100x75.jpg 100w\" sizes=\"auto, (max-width: 800px) 100vw, 800px\" \/><\/figure>\n\n\n\n<figure class=\"wp-block-image size-large\"><img loading=\"lazy\" decoding=\"async\" width=\"800\" height=\"568\" data-id=\"1585\" src=\"https:\/\/ts.meusebach.de\/wp-content\/uploads\/2024\/05\/Maibaumstz_2024_9.jpg\" alt=\"\" class=\"wp-image-1585\" srcset=\"https:\/\/ts.meusebach.de\/wp-content\/uploads\/2024\/05\/Maibaumstz_2024_9.jpg 800w, https:\/\/ts.meusebach.de\/wp-content\/uploads\/2024\/05\/Maibaumstz_2024_9-300x213.jpg 300w, https:\/\/ts.meusebach.de\/wp-content\/uploads\/2024\/05\/Maibaumstz_2024_9-768x545.jpg 768w\" sizes=\"auto, (max-width: 800px) 100vw, 800px\" \/><\/figure>\n\n\n\n<figure class=\"wp-block-image size-large\"><img loading=\"lazy\" decoding=\"async\" width=\"800\" height=\"552\" data-id=\"1581\" src=\"https:\/\/ts.meusebach.de\/wp-content\/uploads\/2024\/05\/Maibaumstz_2024_10.jpg\" alt=\"\" class=\"wp-image-1581\" srcset=\"https:\/\/ts.meusebach.de\/wp-content\/uploads\/2024\/05\/Maibaumstz_2024_10.jpg 800w, https:\/\/ts.meusebach.de\/wp-content\/uploads\/2024\/05\/Maibaumstz_2024_10-300x207.jpg 300w, https:\/\/ts.meusebach.de\/wp-content\/uploads\/2024\/05\/Maibaumstz_2024_10-768x530.jpg 768w\" sizes=\"auto, (max-width: 800px) 100vw, 800px\" \/><\/figure>\n\n\n\n<figure class=\"wp-block-image size-large\"><img loading=\"lazy\" decoding=\"async\" width=\"800\" height=\"825\" data-id=\"1582\" src=\"https:\/\/ts.meusebach.de\/wp-content\/uploads\/2024\/05\/Maibaumstz_2024_12.jpg\" alt=\"\" class=\"wp-image-1582\" srcset=\"https:\/\/ts.meusebach.de\/wp-content\/uploads\/2024\/05\/Maibaumstz_2024_12.jpg 800w, https:\/\/ts.meusebach.de\/wp-content\/uploads\/2024\/05\/Maibaumstz_2024_12-291x300.jpg 291w, https:\/\/ts.meusebach.de\/wp-content\/uploads\/2024\/05\/Maibaumstz_2024_12-768x792.jpg 768w\" sizes=\"auto, (max-width: 800px) 100vw, 800px\" \/><\/figure>\n\n\n\n<figure class=\"wp-block-image size-large\"><img loading=\"lazy\" decoding=\"async\" width=\"800\" height=\"541\" data-id=\"1580\" src=\"https:\/\/ts.meusebach.de\/wp-content\/uploads\/2024\/05\/Maibaumstz_2024_1.jpg\" alt=\"\" class=\"wp-image-1580\" srcset=\"https:\/\/ts.meusebach.de\/wp-content\/uploads\/2024\/05\/Maibaumstz_2024_1.jpg 800w, https:\/\/ts.meusebach.de\/wp-content\/uploads\/2024\/05\/Maibaumstz_2024_1-300x203.jpg 300w, https:\/\/ts.meusebach.de\/wp-content\/uploads\/2024\/05\/Maibaumstz_2024_1-768x519.jpg 768w\" sizes=\"auto, (max-width: 800px) 100vw, 800px\" \/><\/figure>\n\n\n\n<figure class=\"wp-block-image size-large\"><img loading=\"lazy\" decoding=\"async\" width=\"800\" height=\"679\" data-id=\"1586\" src=\"https:\/\/ts.meusebach.de\/wp-content\/uploads\/2024\/05\/Maibaumstz_2024_2.jpg\" alt=\"\" class=\"wp-image-1586\" srcset=\"https:\/\/ts.meusebach.de\/wp-content\/uploads\/2024\/05\/Maibaumstz_2024_2.jpg 800w, https:\/\/ts.meusebach.de\/wp-content\/uploads\/2024\/05\/Maibaumstz_2024_2-300x255.jpg 300w, https:\/\/ts.meusebach.de\/wp-content\/uploads\/2024\/05\/Maibaumstz_2024_2-768x652.jpg 768w\" sizes=\"auto, (max-width: 800px) 100vw, 800px\" \/><\/figure>\n\n\n\n<figure class=\"wp-block-image size-large\"><img loading=\"lazy\" decoding=\"async\" width=\"800\" height=\"505\" data-id=\"1579\" src=\"https:\/\/ts.meusebach.de\/wp-content\/uploads\/2024\/05\/Maibaumstz_2024_111.jpg\" alt=\"\" class=\"wp-image-1579\" srcset=\"https:\/\/ts.meusebach.de\/wp-content\/uploads\/2024\/05\/Maibaumstz_2024_111.jpg 800w, https:\/\/ts.meusebach.de\/wp-content\/uploads\/2024\/05\/Maibaumstz_2024_111-300x189.jpg 300w, https:\/\/ts.meusebach.de\/wp-content\/uploads\/2024\/05\/Maibaumstz_2024_111-768x485.jpg 768w\" sizes=\"auto, (max-width: 800px) 100vw, 800px\" \/><\/figure>\n<\/figure>\n","protected":false},"excerpt":{"rendered":"<p>Sonnenschein und angenehme 25 Grad, aber auch der von den Meusebacher Frauen gebackene Kuchen, die H\u00fcpfeburg, die Ballonk\u00fcnstlerin, der Zuckerwatte-Waffel-Stand und das Gl\u00fccksrad zogen viele<\/p>\n","protected":false},"author":1,"featured_media":0,"parent":1572,"menu_order":0,"comment_status":"closed","ping_status":"closed","template":"","meta":{"spay_email":"","footnotes":""},"class_list":["post-1577","page","type-page","status-publish","hentry"],"_links":{"self":[{"href":"https:\/\/ts.meusebach.de\/index.php?rest_route=\/wp\/v2\/pages\/1577","targetHints":{"allow":["GET"]}}],"collection":[{"href":"https:\/\/ts.meusebach.de\/index.php?rest_route=\/wp\/v2\/pages"}],"about":[{"href":"https:\/\/ts.meusebach.de\/index.php?rest_route=\/wp\/v2\/types\/page"}],"author":[{"embeddable":true,"href":"https:\/\/ts.meusebach.de\/index.php?rest_route=\/wp\/v2\/users\/1"}],"replies":[{"embeddable":true,"href":"https:\/\/ts.meusebach.de\/index.php?rest_route=%2Fwp%2Fv2%2Fcomments&post=1577"}],"version-history":[{"count":1,"href":"https:\/\/ts.meusebach.de\/index.php?rest_route=\/wp\/v2\/pages\/1577\/revisions"}],"predecessor-version":[{"id":1590,"href":"https:\/\/ts.meusebach.de\/index.php?rest_route=\/wp\/v2\/pages\/1577\/revisions\/1590"}],"up":[{"embeddable":true,"href":"https:\/\/ts.meusebach.de\/index.php?rest_route=\/wp\/v2\/pages\/1572"}],"wp:attachment":[{"href":"https:\/\/ts.meusebach.de\/index.php?rest_route=%2Fwp%2Fv2%2Fmedia&parent=1577"}],"curies":[{"name":"wp","href":"https:\/\/api.w.org\/{rel}","templated":true}]}}