{"id":1439,"date":"2023-05-28T07:40:25","date_gmt":"2023-05-28T07:40:25","guid":{"rendered":"https:\/\/ts.meusebach.de\/?page_id=1439"},"modified":"2023-05-28T07:55:00","modified_gmt":"2023-05-28T07:55:00","slug":"maibaumsetzen-2023","status":"publish","type":"page","link":"https:\/\/ts.meusebach.de\/?page_id=1439","title":{"rendered":"Maibaumsetzen 2023"},"content":{"rendered":"<p>Herrlicher Sonnenschein und Live-Blasmusik der Schnaudertaler Musikanten sorgten f\u00fcr gute Laune beim Maibaumsetzen 2023 in Meusebach. Aber auch der von den Meusebacher Frauen gebackene Kuchen, die H\u00fcpfeburg, der Ballonk\u00fcnstler und der Zuckerwatte-Waffel-Stand und das Gl\u00fccksrad zogen viele G\u00e4ste an.<br \/>\nVon den Nachwuchssetzern der Kindermaibaum wurde wieder gesetzt und das l\u00e4sst f\u00fcr die Zukunft hoffen.<br \/>\nVielen Dank an die G\u00e4ste und besonderes Dankesch\u00f6n an die vielen flei\u00dfigen freiwilligen Helfer aus Meusebach und von nah und fern, die alle mit zu einem gelungenem Fest beigetragen haben.<\/p>\n<div id='gallery-1' class='gallery galleryid-1439 gallery-columns-2 gallery-size-full'><figure class='gallery-item'>\n\t\t\t<div class='gallery-icon landscape'>\n\t\t\t\t<a href='https:\/\/ts.meusebach.de\/?attachment_id=1442'><img loading=\"lazy\" decoding=\"async\" width=\"800\" height=\"533\" src=\"https:\/\/ts.meusebach.de\/wp-content\/uploads\/2023\/05\/Maibs_2023_0.jpg\" class=\"attachment-full size-full\" alt=\"\" srcset=\"https:\/\/ts.meusebach.de\/wp-content\/uploads\/2023\/05\/Maibs_2023_0.jpg 800w, https:\/\/ts.meusebach.de\/wp-content\/uploads\/2023\/05\/Maibs_2023_0-300x200.jpg 300w, https:\/\/ts.meusebach.de\/wp-content\/uploads\/2023\/05\/Maibs_2023_0-768x512.jpg 768w, https:\/\/ts.meusebach.de\/wp-content\/uploads\/2023\/05\/Maibs_2023_0-420x280.jpg 420w\" sizes=\"auto, (max-width: 800px) 100vw, 800px\" \/><\/a>\n\t\t\t<\/div><\/figure><figure class='gallery-item'>\n\t\t\t<div class='gallery-icon landscape'>\n\t\t\t\t<a href='https:\/\/ts.meusebach.de\/?attachment_id=1443'><img loading=\"lazy\" decoding=\"async\" width=\"800\" height=\"510\" src=\"https:\/\/ts.meusebach.de\/wp-content\/uploads\/2023\/05\/Maibs_2023_1.jpg\" class=\"attachment-full size-full\" alt=\"\" srcset=\"https:\/\/ts.meusebach.de\/wp-content\/uploads\/2023\/05\/Maibs_2023_1.jpg 800w, https:\/\/ts.meusebach.de\/wp-content\/uploads\/2023\/05\/Maibs_2023_1-300x191.jpg 300w, https:\/\/ts.meusebach.de\/wp-content\/uploads\/2023\/05\/Maibs_2023_1-768x490.jpg 768w\" sizes=\"auto, (max-width: 800px) 100vw, 800px\" \/><\/a>\n\t\t\t<\/div><\/figure><figure class='gallery-item'>\n\t\t\t<div class='gallery-icon landscape'>\n\t\t\t\t<a href='https:\/\/ts.meusebach.de\/?attachment_id=1444'><img loading=\"lazy\" decoding=\"async\" width=\"800\" height=\"533\" src=\"https:\/\/ts.meusebach.de\/wp-content\/uploads\/2023\/05\/Maibs_2023_2.jpg\" class=\"attachment-full size-full\" alt=\"\" srcset=\"https:\/\/ts.meusebach.de\/wp-content\/uploads\/2023\/05\/Maibs_2023_2.jpg 800w, https:\/\/ts.meusebach.de\/wp-content\/uploads\/2023\/05\/Maibs_2023_2-300x200.jpg 300w, https:\/\/ts.meusebach.de\/wp-content\/uploads\/2023\/05\/Maibs_2023_2-768x512.jpg 768w, https:\/\/ts.meusebach.de\/wp-content\/uploads\/2023\/05\/Maibs_2023_2-420x280.jpg 420w\" sizes=\"auto, (max-width: 800px) 100vw, 800px\" \/><\/a>\n\t\t\t<\/div><\/figure><figure class='gallery-item'>\n\t\t\t<div class='gallery-icon landscape'>\n\t\t\t\t<a href='https:\/\/ts.meusebach.de\/?attachment_id=1445'><img loading=\"lazy\" decoding=\"async\" width=\"800\" height=\"562\" src=\"https:\/\/ts.meusebach.de\/wp-content\/uploads\/2023\/05\/Maibs_2023_3.jpg\" class=\"attachment-full size-full\" alt=\"\" srcset=\"https:\/\/ts.meusebach.de\/wp-content\/uploads\/2023\/05\/Maibs_2023_3.jpg 800w, https:\/\/ts.meusebach.de\/wp-content\/uploads\/2023\/05\/Maibs_2023_3-300x211.jpg 300w, https:\/\/ts.meusebach.de\/wp-content\/uploads\/2023\/05\/Maibs_2023_3-768x540.jpg 768w\" sizes=\"auto, (max-width: 800px) 100vw, 800px\" \/><\/a>\n\t\t\t<\/div><\/figure><figure class='gallery-item'>\n\t\t\t<div class='gallery-icon landscape'>\n\t\t\t\t<a href='https:\/\/ts.meusebach.de\/?attachment_id=1446'><img loading=\"lazy\" decoding=\"async\" width=\"800\" height=\"533\" src=\"https:\/\/ts.meusebach.de\/wp-content\/uploads\/2023\/05\/Maibs_2023_3a.jpg\" class=\"attachment-full size-full\" alt=\"\" srcset=\"https:\/\/ts.meusebach.de\/wp-content\/uploads\/2023\/05\/Maibs_2023_3a.jpg 800w, https:\/\/ts.meusebach.de\/wp-content\/uploads\/2023\/05\/Maibs_2023_3a-300x200.jpg 300w, https:\/\/ts.meusebach.de\/wp-content\/uploads\/2023\/05\/Maibs_2023_3a-768x512.jpg 768w, https:\/\/ts.meusebach.de\/wp-content\/uploads\/2023\/05\/Maibs_2023_3a-420x280.jpg 420w\" sizes=\"auto, (max-width: 800px) 100vw, 800px\" \/><\/a>\n\t\t\t<\/div><\/figure><figure class='gallery-item'>\n\t\t\t<div class='gallery-icon landscape'>\n\t\t\t\t<a href='https:\/\/ts.meusebach.de\/?attachment_id=1447'><img loading=\"lazy\" decoding=\"async\" width=\"800\" height=\"533\" src=\"https:\/\/ts.meusebach.de\/wp-content\/uploads\/2023\/05\/Maibs_2023_4.jpg\" class=\"attachment-full size-full\" alt=\"\" srcset=\"https:\/\/ts.meusebach.de\/wp-content\/uploads\/2023\/05\/Maibs_2023_4.jpg 800w, https:\/\/ts.meusebach.de\/wp-content\/uploads\/2023\/05\/Maibs_2023_4-300x200.jpg 300w, https:\/\/ts.meusebach.de\/wp-content\/uploads\/2023\/05\/Maibs_2023_4-768x512.jpg 768w, https:\/\/ts.meusebach.de\/wp-content\/uploads\/2023\/05\/Maibs_2023_4-420x280.jpg 420w\" sizes=\"auto, (max-width: 800px) 100vw, 800px\" \/><\/a>\n\t\t\t<\/div><\/figure><figure class='gallery-item'>\n\t\t\t<div class='gallery-icon landscape'>\n\t\t\t\t<a href='https:\/\/ts.meusebach.de\/?attachment_id=1448'><img loading=\"lazy\" decoding=\"async\" width=\"800\" height=\"533\" src=\"https:\/\/ts.meusebach.de\/wp-content\/uploads\/2023\/05\/Maibs_2023_5.jpg\" class=\"attachment-full size-full\" alt=\"\" srcset=\"https:\/\/ts.meusebach.de\/wp-content\/uploads\/2023\/05\/Maibs_2023_5.jpg 800w, https:\/\/ts.meusebach.de\/wp-content\/uploads\/2023\/05\/Maibs_2023_5-300x200.jpg 300w, https:\/\/ts.meusebach.de\/wp-content\/uploads\/2023\/05\/Maibs_2023_5-768x512.jpg 768w, https:\/\/ts.meusebach.de\/wp-content\/uploads\/2023\/05\/Maibs_2023_5-420x280.jpg 420w\" sizes=\"auto, (max-width: 800px) 100vw, 800px\" \/><\/a>\n\t\t\t<\/div><\/figure><figure class='gallery-item'>\n\t\t\t<div class='gallery-icon landscape'>\n\t\t\t\t<a href='https:\/\/ts.meusebach.de\/?attachment_id=1449'><img loading=\"lazy\" decoding=\"async\" width=\"800\" height=\"533\" src=\"https:\/\/ts.meusebach.de\/wp-content\/uploads\/2023\/05\/Maibs_2023_6.jpg\" class=\"attachment-full size-full\" alt=\"\" srcset=\"https:\/\/ts.meusebach.de\/wp-content\/uploads\/2023\/05\/Maibs_2023_6.jpg 800w, https:\/\/ts.meusebach.de\/wp-content\/uploads\/2023\/05\/Maibs_2023_6-300x200.jpg 300w, https:\/\/ts.meusebach.de\/wp-content\/uploads\/2023\/05\/Maibs_2023_6-768x512.jpg 768w, https:\/\/ts.meusebach.de\/wp-content\/uploads\/2023\/05\/Maibs_2023_6-420x280.jpg 420w\" sizes=\"auto, (max-width: 800px) 100vw, 800px\" \/><\/a>\n\t\t\t<\/div><\/figure><figure class='gallery-item'>\n\t\t\t<div class='gallery-icon landscape'>\n\t\t\t\t<a href='https:\/\/ts.meusebach.de\/?attachment_id=1450'><img loading=\"lazy\" decoding=\"async\" width=\"800\" height=\"533\" src=\"https:\/\/ts.meusebach.de\/wp-content\/uploads\/2023\/05\/Maibs_2023_6a.jpg\" class=\"attachment-full size-full\" alt=\"\" srcset=\"https:\/\/ts.meusebach.de\/wp-content\/uploads\/2023\/05\/Maibs_2023_6a.jpg 800w, https:\/\/ts.meusebach.de\/wp-content\/uploads\/2023\/05\/Maibs_2023_6a-300x200.jpg 300w, https:\/\/ts.meusebach.de\/wp-content\/uploads\/2023\/05\/Maibs_2023_6a-768x512.jpg 768w, https:\/\/ts.meusebach.de\/wp-content\/uploads\/2023\/05\/Maibs_2023_6a-420x280.jpg 420w\" sizes=\"auto, (max-width: 800px) 100vw, 800px\" \/><\/a>\n\t\t\t<\/div><\/figure><figure class='gallery-item'>\n\t\t\t<div class='gallery-icon landscape'>\n\t\t\t\t<a href='https:\/\/ts.meusebach.de\/?attachment_id=1451'><img loading=\"lazy\" decoding=\"async\" width=\"800\" height=\"415\" src=\"https:\/\/ts.meusebach.de\/wp-content\/uploads\/2023\/05\/Maibs_2023_7.jpg\" class=\"attachment-full size-full\" alt=\"\" srcset=\"https:\/\/ts.meusebach.de\/wp-content\/uploads\/2023\/05\/Maibs_2023_7.jpg 800w, https:\/\/ts.meusebach.de\/wp-content\/uploads\/2023\/05\/Maibs_2023_7-300x156.jpg 300w, https:\/\/ts.meusebach.de\/wp-content\/uploads\/2023\/05\/Maibs_2023_7-768x398.jpg 768w\" sizes=\"auto, (max-width: 800px) 100vw, 800px\" \/><\/a>\n\t\t\t<\/div><\/figure><figure class='gallery-item'>\n\t\t\t<div class='gallery-icon landscape'>\n\t\t\t\t<a href='https:\/\/ts.meusebach.de\/?attachment_id=1452'><img loading=\"lazy\" decoding=\"async\" width=\"800\" height=\"614\" src=\"https:\/\/ts.meusebach.de\/wp-content\/uploads\/2023\/05\/Maibs_2023_12.jpg\" class=\"attachment-full size-full\" alt=\"\" srcset=\"https:\/\/ts.meusebach.de\/wp-content\/uploads\/2023\/05\/Maibs_2023_12.jpg 800w, https:\/\/ts.meusebach.de\/wp-content\/uploads\/2023\/05\/Maibs_2023_12-300x230.jpg 300w, https:\/\/ts.meusebach.de\/wp-content\/uploads\/2023\/05\/Maibs_2023_12-768x589.jpg 768w\" sizes=\"auto, (max-width: 800px) 100vw, 800px\" \/><\/a>\n\t\t\t<\/div><\/figure><figure class='gallery-item'>\n\t\t\t<div class='gallery-icon landscape'>\n\t\t\t\t<a href='https:\/\/ts.meusebach.de\/?attachment_id=1454'><img loading=\"lazy\" decoding=\"async\" width=\"1024\" height=\"683\" src=\"https:\/\/ts.meusebach.de\/wp-content\/uploads\/2023\/05\/Maibs_2023_2a.jpg\" class=\"attachment-full size-full\" alt=\"\" srcset=\"https:\/\/ts.meusebach.de\/wp-content\/uploads\/2023\/05\/Maibs_2023_2a.jpg 1024w, https:\/\/ts.meusebach.de\/wp-content\/uploads\/2023\/05\/Maibs_2023_2a-300x200.jpg 300w, https:\/\/ts.meusebach.de\/wp-content\/uploads\/2023\/05\/Maibs_2023_2a-768x512.jpg 768w, https:\/\/ts.meusebach.de\/wp-content\/uploads\/2023\/05\/Maibs_2023_2a-420x280.jpg 420w\" sizes=\"auto, (max-width: 1024px) 100vw, 1024px\" \/><\/a>\n\t\t\t<\/div><\/figure>\n\t\t<\/div>\n\n","protected":false},"excerpt":{"rendered":"<p>Herrlicher Sonnenschein und Live-Blasmusik der Schnaudertaler Musikanten sorgten f\u00fcr gute Laune beim Maibaumsetzen 2023 in Meusebach. Aber auch der von den Meusebacher Frauen gebackene Kuchen,<\/p>\n","protected":false},"author":1,"featured_media":0,"parent":1338,"menu_order":1,"comment_status":"closed","ping_status":"closed","template":"","meta":{"spay_email":"","footnotes":""},"class_list":["post-1439","page","type-page","status-publish","hentry"],"_links":{"self":[{"href":"https:\/\/ts.meusebach.de\/index.php?rest_route=\/wp\/v2\/pages\/1439","targetHints":{"allow":["GET"]}}],"collection":[{"href":"https:\/\/ts.meusebach.de\/index.php?rest_route=\/wp\/v2\/pages"}],"about":[{"href":"https:\/\/ts.meusebach.de\/index.php?rest_route=\/wp\/v2\/types\/page"}],"author":[{"embeddable":true,"href":"https:\/\/ts.meusebach.de\/index.php?rest_route=\/wp\/v2\/users\/1"}],"replies":[{"embeddable":true,"href":"https:\/\/ts.meusebach.de\/index.php?rest_route=%2Fwp%2Fv2%2Fcomments&post=1439"}],"version-history":[{"count":6,"href":"https:\/\/ts.meusebach.de\/index.php?rest_route=\/wp\/v2\/pages\/1439\/revisions"}],"predecessor-version":[{"id":1461,"href":"https:\/\/ts.meusebach.de\/index.php?rest_route=\/wp\/v2\/pages\/1439\/revisions\/1461"}],"up":[{"embeddable":true,"href":"https:\/\/ts.meusebach.de\/index.php?rest_route=\/wp\/v2\/pages\/1338"}],"wp:attachment":[{"href":"https:\/\/ts.meusebach.de\/index.php?rest_route=%2Fwp%2Fv2%2Fmedia&parent=1439"}],"curies":[{"name":"wp","href":"https:\/\/api.w.org\/{rel}","templated":true}]}}