{"id":1295,"date":"2022-10-16T07:39:23","date_gmt":"2022-10-16T07:39:23","guid":{"rendered":"https:\/\/ts.meusebach.de\/?page_id=1295"},"modified":"2023-04-08T15:18:15","modified_gmt":"2023-04-08T15:18:15","slug":"familienwanderung-2022","status":"publish","type":"page","link":"https:\/\/ts.meusebach.de\/?page_id=1295","title":{"rendered":"Familienwanderung 2022"},"content":{"rendered":"<p>Unsere Familienwanderung f\u00fchrte in diesem Jahr wieder in Richtung Wanderh\u00fctte oberhalb des Haselangers. F\u00fcr die Versorgung war gesorgt und auch das Knobibrot geh\u00f6rte wieder dazu. Wettertechnisch hatten wir auch noch Gl\u00fcck, denn es regnete nur ab und zu ganz leicht.<\/p>\n<p><img loading=\"lazy\" decoding=\"async\" class=\"alignnone size-medium wp-image-1296\" src=\"https:\/\/ts.meusebach.de\/wp-content\/uploads\/2022\/10\/FamWand_2022_1-300x172.jpg\" alt=\"\" width=\"300\" height=\"172\" srcset=\"https:\/\/ts.meusebach.de\/wp-content\/uploads\/2022\/10\/FamWand_2022_1-300x172.jpg 300w, https:\/\/ts.meusebach.de\/wp-content\/uploads\/2022\/10\/FamWand_2022_1-768x440.jpg 768w, https:\/\/ts.meusebach.de\/wp-content\/uploads\/2022\/10\/FamWand_2022_1.jpg 800w\" sizes=\"auto, (max-width: 300px) 100vw, 300px\" \/> <img loading=\"lazy\" decoding=\"async\" class=\"alignnone size-medium wp-image-1297\" src=\"https:\/\/ts.meusebach.de\/wp-content\/uploads\/2022\/10\/FamWand_2022_2-300x200.jpg\" alt=\"\" width=\"300\" height=\"200\" srcset=\"https:\/\/ts.meusebach.de\/wp-content\/uploads\/2022\/10\/FamWand_2022_2-300x200.jpg 300w, https:\/\/ts.meusebach.de\/wp-content\/uploads\/2022\/10\/FamWand_2022_2-768x512.jpg 768w, https:\/\/ts.meusebach.de\/wp-content\/uploads\/2022\/10\/FamWand_2022_2-420x280.jpg 420w, https:\/\/ts.meusebach.de\/wp-content\/uploads\/2022\/10\/FamWand_2022_2.jpg 800w\" sizes=\"auto, (max-width: 300px) 100vw, 300px\" \/> <img loading=\"lazy\" decoding=\"async\" class=\"alignnone size-medium wp-image-1298\" src=\"https:\/\/ts.meusebach.de\/wp-content\/uploads\/2022\/10\/FamWand_2022_3-300x200.jpg\" alt=\"\" width=\"300\" height=\"200\" srcset=\"https:\/\/ts.meusebach.de\/wp-content\/uploads\/2022\/10\/FamWand_2022_3-300x200.jpg 300w, https:\/\/ts.meusebach.de\/wp-content\/uploads\/2022\/10\/FamWand_2022_3-768x512.jpg 768w, https:\/\/ts.meusebach.de\/wp-content\/uploads\/2022\/10\/FamWand_2022_3-420x280.jpg 420w, https:\/\/ts.meusebach.de\/wp-content\/uploads\/2022\/10\/FamWand_2022_3.jpg 800w\" sizes=\"auto, (max-width: 300px) 100vw, 300px\" \/> <img loading=\"lazy\" decoding=\"async\" class=\"alignnone size-medium wp-image-1299\" src=\"https:\/\/ts.meusebach.de\/wp-content\/uploads\/2022\/10\/FamWand_2022_4-300x210.jpg\" alt=\"\" width=\"300\" height=\"210\" srcset=\"https:\/\/ts.meusebach.de\/wp-content\/uploads\/2022\/10\/FamWand_2022_4-300x210.jpg 300w, https:\/\/ts.meusebach.de\/wp-content\/uploads\/2022\/10\/FamWand_2022_4-768x538.jpg 768w, https:\/\/ts.meusebach.de\/wp-content\/uploads\/2022\/10\/FamWand_2022_4.jpg 800w\" sizes=\"auto, (max-width: 300px) 100vw, 300px\" \/> <img loading=\"lazy\" decoding=\"async\" class=\"alignnone size-medium wp-image-1300\" src=\"https:\/\/ts.meusebach.de\/wp-content\/uploads\/2022\/10\/FamWand_2022_5-300x193.jpg\" alt=\"\" width=\"300\" height=\"193\" srcset=\"https:\/\/ts.meusebach.de\/wp-content\/uploads\/2022\/10\/FamWand_2022_5-300x193.jpg 300w, https:\/\/ts.meusebach.de\/wp-content\/uploads\/2022\/10\/FamWand_2022_5-768x493.jpg 768w, https:\/\/ts.meusebach.de\/wp-content\/uploads\/2022\/10\/FamWand_2022_5.jpg 800w\" sizes=\"auto, (max-width: 300px) 100vw, 300px\" \/> <img loading=\"lazy\" decoding=\"async\" class=\"alignnone size-medium wp-image-1301\" src=\"https:\/\/ts.meusebach.de\/wp-content\/uploads\/2022\/10\/FamWand_2022_6-300x203.jpg\" alt=\"\" width=\"300\" height=\"203\" srcset=\"https:\/\/ts.meusebach.de\/wp-content\/uploads\/2022\/10\/FamWand_2022_6-300x203.jpg 300w, https:\/\/ts.meusebach.de\/wp-content\/uploads\/2022\/10\/FamWand_2022_6-768x520.jpg 768w, https:\/\/ts.meusebach.de\/wp-content\/uploads\/2022\/10\/FamWand_2022_6.jpg 800w\" sizes=\"auto, (max-width: 300px) 100vw, 300px\" \/> <img loading=\"lazy\" decoding=\"async\" class=\"alignnone size-medium wp-image-1302\" src=\"https:\/\/ts.meusebach.de\/wp-content\/uploads\/2022\/10\/FamWand_2022_7-300x215.jpg\" alt=\"\" width=\"300\" height=\"215\" srcset=\"https:\/\/ts.meusebach.de\/wp-content\/uploads\/2022\/10\/FamWand_2022_7-300x215.jpg 300w, https:\/\/ts.meusebach.de\/wp-content\/uploads\/2022\/10\/FamWand_2022_7-768x551.jpg 768w, https:\/\/ts.meusebach.de\/wp-content\/uploads\/2022\/10\/FamWand_2022_7.jpg 800w\" sizes=\"auto, (max-width: 300px) 100vw, 300px\" \/> <img loading=\"lazy\" decoding=\"async\" class=\"alignnone size-medium wp-image-1303\" src=\"https:\/\/ts.meusebach.de\/wp-content\/uploads\/2022\/10\/FamWand_2022_8-300x215.jpg\" alt=\"\" width=\"300\" height=\"215\" srcset=\"https:\/\/ts.meusebach.de\/wp-content\/uploads\/2022\/10\/FamWand_2022_8-300x215.jpg 300w, https:\/\/ts.meusebach.de\/wp-content\/uploads\/2022\/10\/FamWand_2022_8-768x551.jpg 768w, https:\/\/ts.meusebach.de\/wp-content\/uploads\/2022\/10\/FamWand_2022_8.jpg 800w\" sizes=\"auto, (max-width: 300px) 100vw, 300px\" \/> <img loading=\"lazy\" decoding=\"async\" class=\"alignnone size-medium wp-image-1304\" src=\"https:\/\/ts.meusebach.de\/wp-content\/uploads\/2022\/10\/FamWand_2022_9-300x251.jpg\" alt=\"\" width=\"300\" height=\"251\" srcset=\"https:\/\/ts.meusebach.de\/wp-content\/uploads\/2022\/10\/FamWand_2022_9-300x251.jpg 300w, https:\/\/ts.meusebach.de\/wp-content\/uploads\/2022\/10\/FamWand_2022_9-768x641.jpg 768w, https:\/\/ts.meusebach.de\/wp-content\/uploads\/2022\/10\/FamWand_2022_9.jpg 800w\" sizes=\"auto, (max-width: 300px) 100vw, 300px\" \/><\/p>\n","protected":false},"excerpt":{"rendered":"<p>Unsere Familienwanderung f\u00fchrte in diesem Jahr wieder in Richtung Wanderh\u00fctte oberhalb des Haselangers. F\u00fcr die Versorgung war gesorgt und auch das Knobibrot geh\u00f6rte wieder dazu.<\/p>\n","protected":false},"author":1,"featured_media":0,"parent":1266,"menu_order":0,"comment_status":"closed","ping_status":"closed","template":"","meta":{"spay_email":"","footnotes":""},"class_list":["post-1295","page","type-page","status-publish","hentry"],"_links":{"self":[{"href":"https:\/\/ts.meusebach.de\/index.php?rest_route=\/wp\/v2\/pages\/1295","targetHints":{"allow":["GET"]}}],"collection":[{"href":"https:\/\/ts.meusebach.de\/index.php?rest_route=\/wp\/v2\/pages"}],"about":[{"href":"https:\/\/ts.meusebach.de\/index.php?rest_route=\/wp\/v2\/types\/page"}],"author":[{"embeddable":true,"href":"https:\/\/ts.meusebach.de\/index.php?rest_route=\/wp\/v2\/users\/1"}],"replies":[{"embeddable":true,"href":"https:\/\/ts.meusebach.de\/index.php?rest_route=%2Fwp%2Fv2%2Fcomments&post=1295"}],"version-history":[{"count":1,"href":"https:\/\/ts.meusebach.de\/index.php?rest_route=\/wp\/v2\/pages\/1295\/revisions"}],"predecessor-version":[{"id":1305,"href":"https:\/\/ts.meusebach.de\/index.php?rest_route=\/wp\/v2\/pages\/1295\/revisions\/1305"}],"up":[{"embeddable":true,"href":"https:\/\/ts.meusebach.de\/index.php?rest_route=\/wp\/v2\/pages\/1266"}],"wp:attachment":[{"href":"https:\/\/ts.meusebach.de\/index.php?rest_route=%2Fwp%2Fv2%2Fmedia&parent=1295"}],"curies":[{"name":"wp","href":"https:\/\/api.w.org\/{rel}","templated":true}]}}