{"id":1281,"date":"2022-10-16T06:57:42","date_gmt":"2022-10-16T06:57:42","guid":{"rendered":"https:\/\/ts.meusebach.de\/?page_id=1281"},"modified":"2022-10-16T06:57:42","modified_gmt":"2022-10-16T06:57:42","slug":"dorffest-2022","status":"publish","type":"page","link":"https:\/\/ts.meusebach.de\/?page_id=1281","title":{"rendered":"Dorffest 2022"},"content":{"rendered":"<p>Am 3. September fand unser diesj\u00e4hriges Dorffest statt. Am Abend vorher wurde wieder rund um das Gemeindehaus von Vereinsmitgliedern und Freunden die Gr\u00fcnanlagenpflege rund ums Dorfgemeinschaftshaus durchgef\u00fchrt. Am Samstag konnten dann alle G\u00e4ste dank Falko das traditionelle Spanferkel genie\u00dfen. Vielen Dank auch den Frauen und M\u00e4nnern, die Salate zubereiteten und an Ren\u00e9 und Volker an der Theke!<\/p>\n<div id='gallery-1' class='gallery galleryid-1281 gallery-columns-3 gallery-size-thumbnail'><figure class='gallery-item'>\n\t\t\t<div class='gallery-icon landscape'>\n\t\t\t\t<a href='https:\/\/ts.meusebach.de\/?attachment_id=1283'><img loading=\"lazy\" decoding=\"async\" width=\"150\" height=\"150\" src=\"https:\/\/ts.meusebach.de\/wp-content\/uploads\/2022\/10\/Dorffest_2022_0a-150x150.jpg\" class=\"attachment-thumbnail size-thumbnail\" alt=\"\" \/><\/a>\n\t\t\t<\/div><\/figure><figure class='gallery-item'>\n\t\t\t<div class='gallery-icon landscape'>\n\t\t\t\t<a href='https:\/\/ts.meusebach.de\/?attachment_id=1284'><img loading=\"lazy\" decoding=\"async\" width=\"150\" height=\"150\" src=\"https:\/\/ts.meusebach.de\/wp-content\/uploads\/2022\/10\/Dorffest_2022_1-150x150.jpg\" class=\"attachment-thumbnail size-thumbnail\" alt=\"\" \/><\/a>\n\t\t\t<\/div><\/figure><figure class='gallery-item'>\n\t\t\t<div class='gallery-icon landscape'>\n\t\t\t\t<a href='https:\/\/ts.meusebach.de\/?attachment_id=1285'><img loading=\"lazy\" decoding=\"async\" width=\"150\" height=\"150\" src=\"https:\/\/ts.meusebach.de\/wp-content\/uploads\/2022\/10\/Dorffest_2022_2-150x150.jpg\" class=\"attachment-thumbnail size-thumbnail\" alt=\"\" \/><\/a>\n\t\t\t<\/div><\/figure><figure class='gallery-item'>\n\t\t\t<div class='gallery-icon landscape'>\n\t\t\t\t<a href='https:\/\/ts.meusebach.de\/?attachment_id=1286'><img loading=\"lazy\" decoding=\"async\" width=\"150\" height=\"150\" src=\"https:\/\/ts.meusebach.de\/wp-content\/uploads\/2022\/10\/Dorffest_2022_3-150x150.jpg\" class=\"attachment-thumbnail size-thumbnail\" alt=\"\" \/><\/a>\n\t\t\t<\/div><\/figure><figure class='gallery-item'>\n\t\t\t<div class='gallery-icon landscape'>\n\t\t\t\t<a href='https:\/\/ts.meusebach.de\/?attachment_id=1287'><img loading=\"lazy\" decoding=\"async\" width=\"150\" height=\"150\" src=\"https:\/\/ts.meusebach.de\/wp-content\/uploads\/2022\/10\/Dorffest_2022_4-150x150.jpg\" class=\"attachment-thumbnail size-thumbnail\" alt=\"\" \/><\/a>\n\t\t\t<\/div><\/figure>\n\t\t<\/div>\n\n","protected":false},"excerpt":{"rendered":"<p>Am 3. September fand unser diesj\u00e4hriges Dorffest statt. Am Abend vorher wurde wieder rund um das Gemeindehaus von Vereinsmitgliedern und Freunden die Gr\u00fcnanlagenpflege rund ums<\/p>\n","protected":false},"author":1,"featured_media":0,"parent":1266,"menu_order":0,"comment_status":"closed","ping_status":"closed","template":"","meta":{"spay_email":"","footnotes":""},"class_list":["post-1281","page","type-page","status-publish","hentry"],"_links":{"self":[{"href":"https:\/\/ts.meusebach.de\/index.php?rest_route=\/wp\/v2\/pages\/1281","targetHints":{"allow":["GET"]}}],"collection":[{"href":"https:\/\/ts.meusebach.de\/index.php?rest_route=\/wp\/v2\/pages"}],"about":[{"href":"https:\/\/ts.meusebach.de\/index.php?rest_route=\/wp\/v2\/types\/page"}],"author":[{"embeddable":true,"href":"https:\/\/ts.meusebach.de\/index.php?rest_route=\/wp\/v2\/users\/1"}],"replies":[{"embeddable":true,"href":"https:\/\/ts.meusebach.de\/index.php?rest_route=%2Fwp%2Fv2%2Fcomments&post=1281"}],"version-history":[{"count":2,"href":"https:\/\/ts.meusebach.de\/index.php?rest_route=\/wp\/v2\/pages\/1281\/revisions"}],"predecessor-version":[{"id":1288,"href":"https:\/\/ts.meusebach.de\/index.php?rest_route=\/wp\/v2\/pages\/1281\/revisions\/1288"}],"up":[{"embeddable":true,"href":"https:\/\/ts.meusebach.de\/index.php?rest_route=\/wp\/v2\/pages\/1266"}],"wp:attachment":[{"href":"https:\/\/ts.meusebach.de\/index.php?rest_route=%2Fwp%2Fv2%2Fmedia&parent=1281"}],"curies":[{"name":"wp","href":"https:\/\/api.w.org\/{rel}","templated":true}]}}