{"id":1264,"date":"2024-05-20T08:43:09","date_gmt":"2024-05-20T08:43:09","guid":{"rendered":"https:\/\/ts.meusebach.de\/?page_id=1264"},"modified":"2024-05-20T08:43:09","modified_gmt":"2024-05-20T08:43:09","slug":"maibaumsetzen-2022","status":"publish","type":"page","link":"https:\/\/ts.meusebach.de\/?page_id=1264","title":{"rendered":"Maibaumsetzen 2022"},"content":{"rendered":"<p>Herrlicher Sonnenschein und Live-Blasmusik der W\u00fcrschnitztaler Musikanten sorgten f\u00fcr gute Laune beim Meibaumsetzen 2022 in Meusebach. Nachdem 2020 und 2021 kein Maibaumsetzen stattfinden konnte, waren die Organisatoren sehr zufrieden mit dem Verlauf. Auch der Kindermaibaum wurde wieder gesetzt und l\u00e4sst f\u00fcr die Zukunft hoffen. Vielen Dank an die G\u00e4ste und besonderes Dankesch\u00f6n an die vielen flei\u00dfigen freiwilligen Helfer aus Meusebach und von nah und fern, die alle mit zu einem gelungenem Fest beigetragen haben.<\/p>\n<p>\u00a0<\/p>\n\n\n<figure class=\"wp-block-gallery has-nested-images columns-default is-cropped wp-block-gallery-1 is-layout-flex wp-block-gallery-is-layout-flex\">\n<figure class=\"wp-block-image size-full\"><img loading=\"lazy\" decoding=\"async\" width=\"800\" height=\"503\" data-id=\"1556\" src=\"https:\/\/ts.meusebach.de\/wp-content\/uploads\/2024\/05\/Maibaums_2022_0.jpg\" alt=\"\" class=\"wp-image-1556\" srcset=\"https:\/\/ts.meusebach.de\/wp-content\/uploads\/2024\/05\/Maibaums_2022_0.jpg 800w, https:\/\/ts.meusebach.de\/wp-content\/uploads\/2024\/05\/Maibaums_2022_0-300x189.jpg 300w, https:\/\/ts.meusebach.de\/wp-content\/uploads\/2024\/05\/Maibaums_2022_0-768x483.jpg 768w\" sizes=\"auto, (max-width: 800px) 100vw, 800px\" \/><\/figure>\n\n\n\n<figure class=\"wp-block-image size-large\"><img loading=\"lazy\" decoding=\"async\" width=\"800\" height=\"600\" data-id=\"1557\" src=\"https:\/\/ts.meusebach.de\/wp-content\/uploads\/2024\/05\/Maibaums_2022_1.jpg\" alt=\"\" class=\"wp-image-1557\" srcset=\"https:\/\/ts.meusebach.de\/wp-content\/uploads\/2024\/05\/Maibaums_2022_1.jpg 800w, https:\/\/ts.meusebach.de\/wp-content\/uploads\/2024\/05\/Maibaums_2022_1-300x225.jpg 300w, https:\/\/ts.meusebach.de\/wp-content\/uploads\/2024\/05\/Maibaums_2022_1-768x576.jpg 768w, https:\/\/ts.meusebach.de\/wp-content\/uploads\/2024\/05\/Maibaums_2022_1-100x75.jpg 100w\" sizes=\"auto, (max-width: 800px) 100vw, 800px\" \/><\/figure>\n\n\n\n<figure class=\"wp-block-image size-large\"><img loading=\"lazy\" decoding=\"async\" width=\"800\" height=\"600\" data-id=\"1558\" src=\"https:\/\/ts.meusebach.de\/wp-content\/uploads\/2024\/05\/Maibaums_2022_2.jpg\" alt=\"\" class=\"wp-image-1558\" srcset=\"https:\/\/ts.meusebach.de\/wp-content\/uploads\/2024\/05\/Maibaums_2022_2.jpg 800w, https:\/\/ts.meusebach.de\/wp-content\/uploads\/2024\/05\/Maibaums_2022_2-300x225.jpg 300w, https:\/\/ts.meusebach.de\/wp-content\/uploads\/2024\/05\/Maibaums_2022_2-768x576.jpg 768w, https:\/\/ts.meusebach.de\/wp-content\/uploads\/2024\/05\/Maibaums_2022_2-100x75.jpg 100w\" sizes=\"auto, (max-width: 800px) 100vw, 800px\" \/><\/figure>\n\n\n\n<figure class=\"wp-block-image size-large\"><img loading=\"lazy\" decoding=\"async\" width=\"800\" height=\"600\" data-id=\"1559\" src=\"https:\/\/ts.meusebach.de\/wp-content\/uploads\/2024\/05\/Maibaums_2022_3.jpg\" alt=\"\" class=\"wp-image-1559\" srcset=\"https:\/\/ts.meusebach.de\/wp-content\/uploads\/2024\/05\/Maibaums_2022_3.jpg 800w, https:\/\/ts.meusebach.de\/wp-content\/uploads\/2024\/05\/Maibaums_2022_3-300x225.jpg 300w, https:\/\/ts.meusebach.de\/wp-content\/uploads\/2024\/05\/Maibaums_2022_3-768x576.jpg 768w, https:\/\/ts.meusebach.de\/wp-content\/uploads\/2024\/05\/Maibaums_2022_3-100x75.jpg 100w\" sizes=\"auto, (max-width: 800px) 100vw, 800px\" \/><\/figure>\n\n\n\n<figure class=\"wp-block-image size-large\"><img loading=\"lazy\" decoding=\"async\" width=\"800\" height=\"738\" data-id=\"1564\" src=\"https:\/\/ts.meusebach.de\/wp-content\/uploads\/2024\/05\/Maibaums_2022_4.jpg\" alt=\"\" class=\"wp-image-1564\" srcset=\"https:\/\/ts.meusebach.de\/wp-content\/uploads\/2024\/05\/Maibaums_2022_4.jpg 800w, https:\/\/ts.meusebach.de\/wp-content\/uploads\/2024\/05\/Maibaums_2022_4-300x277.jpg 300w, https:\/\/ts.meusebach.de\/wp-content\/uploads\/2024\/05\/Maibaums_2022_4-768x708.jpg 768w\" sizes=\"auto, (max-width: 800px) 100vw, 800px\" \/><\/figure>\n\n\n\n<figure class=\"wp-block-image size-large\"><img loading=\"lazy\" decoding=\"async\" width=\"768\" height=\"1024\" data-id=\"1566\" src=\"https:\/\/ts.meusebach.de\/wp-content\/uploads\/2024\/05\/Maibaums_2022_5-768x1024.jpg\" alt=\"\" class=\"wp-image-1566\" srcset=\"https:\/\/ts.meusebach.de\/wp-content\/uploads\/2024\/05\/Maibaums_2022_5-768x1024.jpg 768w, https:\/\/ts.meusebach.de\/wp-content\/uploads\/2024\/05\/Maibaums_2022_5-225x300.jpg 225w, https:\/\/ts.meusebach.de\/wp-content\/uploads\/2024\/05\/Maibaums_2022_5.jpg 800w\" sizes=\"auto, (max-width: 768px) 100vw, 768px\" \/><\/figure>\n\n\n\n<figure class=\"wp-block-image size-large\"><img loading=\"lazy\" decoding=\"async\" width=\"800\" height=\"600\" data-id=\"1563\" src=\"https:\/\/ts.meusebach.de\/wp-content\/uploads\/2024\/05\/Maibaums_2022_6.jpg\" alt=\"\" class=\"wp-image-1563\" srcset=\"https:\/\/ts.meusebach.de\/wp-content\/uploads\/2024\/05\/Maibaums_2022_6.jpg 800w, https:\/\/ts.meusebach.de\/wp-content\/uploads\/2024\/05\/Maibaums_2022_6-300x225.jpg 300w, https:\/\/ts.meusebach.de\/wp-content\/uploads\/2024\/05\/Maibaums_2022_6-768x576.jpg 768w, https:\/\/ts.meusebach.de\/wp-content\/uploads\/2024\/05\/Maibaums_2022_6-100x75.jpg 100w\" sizes=\"auto, (max-width: 800px) 100vw, 800px\" \/><\/figure>\n\n\n\n<figure class=\"wp-block-image size-large\"><img loading=\"lazy\" decoding=\"async\" width=\"800\" height=\"600\" data-id=\"1561\" src=\"https:\/\/ts.meusebach.de\/wp-content\/uploads\/2024\/05\/Maibaums_2022_7.jpg\" alt=\"\" class=\"wp-image-1561\" srcset=\"https:\/\/ts.meusebach.de\/wp-content\/uploads\/2024\/05\/Maibaums_2022_7.jpg 800w, https:\/\/ts.meusebach.de\/wp-content\/uploads\/2024\/05\/Maibaums_2022_7-300x225.jpg 300w, https:\/\/ts.meusebach.de\/wp-content\/uploads\/2024\/05\/Maibaums_2022_7-768x576.jpg 768w, https:\/\/ts.meusebach.de\/wp-content\/uploads\/2024\/05\/Maibaums_2022_7-100x75.jpg 100w\" sizes=\"auto, (max-width: 800px) 100vw, 800px\" \/><\/figure>\n\n\n\n<figure class=\"wp-block-image size-large\"><img loading=\"lazy\" decoding=\"async\" width=\"800\" height=\"600\" data-id=\"1562\" src=\"https:\/\/ts.meusebach.de\/wp-content\/uploads\/2024\/05\/Maibaums_2022_8.jpg\" alt=\"\" class=\"wp-image-1562\" srcset=\"https:\/\/ts.meusebach.de\/wp-content\/uploads\/2024\/05\/Maibaums_2022_8.jpg 800w, https:\/\/ts.meusebach.de\/wp-content\/uploads\/2024\/05\/Maibaums_2022_8-300x225.jpg 300w, https:\/\/ts.meusebach.de\/wp-content\/uploads\/2024\/05\/Maibaums_2022_8-768x576.jpg 768w, https:\/\/ts.meusebach.de\/wp-content\/uploads\/2024\/05\/Maibaums_2022_8-100x75.jpg 100w\" sizes=\"auto, (max-width: 800px) 100vw, 800px\" \/><\/figure>\n\n\n\n<figure class=\"wp-block-image size-large\"><img loading=\"lazy\" decoding=\"async\" width=\"800\" height=\"671\" data-id=\"1565\" src=\"https:\/\/ts.meusebach.de\/wp-content\/uploads\/2024\/05\/Maibaums_2022_9.jpg\" alt=\"\" class=\"wp-image-1565\" srcset=\"https:\/\/ts.meusebach.de\/wp-content\/uploads\/2024\/05\/Maibaums_2022_9.jpg 800w, https:\/\/ts.meusebach.de\/wp-content\/uploads\/2024\/05\/Maibaums_2022_9-300x252.jpg 300w, https:\/\/ts.meusebach.de\/wp-content\/uploads\/2024\/05\/Maibaums_2022_9-768x644.jpg 768w\" sizes=\"auto, (max-width: 800px) 100vw, 800px\" \/><\/figure>\n\n\n\n<figure class=\"wp-block-image size-large\"><img loading=\"lazy\" decoding=\"async\" width=\"800\" height=\"600\" data-id=\"1560\" src=\"https:\/\/ts.meusebach.de\/wp-content\/uploads\/2024\/05\/Maibaums_2022_10.jpg\" alt=\"\" class=\"wp-image-1560\" srcset=\"https:\/\/ts.meusebach.de\/wp-content\/uploads\/2024\/05\/Maibaums_2022_10.jpg 800w, https:\/\/ts.meusebach.de\/wp-content\/uploads\/2024\/05\/Maibaums_2022_10-300x225.jpg 300w, https:\/\/ts.meusebach.de\/wp-content\/uploads\/2024\/05\/Maibaums_2022_10-768x576.jpg 768w, https:\/\/ts.meusebach.de\/wp-content\/uploads\/2024\/05\/Maibaums_2022_10-100x75.jpg 100w\" sizes=\"auto, (max-width: 800px) 100vw, 800px\" \/><\/figure>\n\n\n\n<figure class=\"wp-block-image size-large\"><img loading=\"lazy\" decoding=\"async\" width=\"512\" height=\"683\" data-id=\"1567\" src=\"https:\/\/ts.meusebach.de\/wp-content\/uploads\/2024\/05\/Maibaums_2022_11.jpg\" alt=\"\" class=\"wp-image-1567\" srcset=\"https:\/\/ts.meusebach.de\/wp-content\/uploads\/2024\/05\/Maibaums_2022_11.jpg 512w, https:\/\/ts.meusebach.de\/wp-content\/uploads\/2024\/05\/Maibaums_2022_11-225x300.jpg 225w\" sizes=\"auto, (max-width: 512px) 100vw, 512px\" \/><\/figure>\n<\/figure>\n","protected":false},"excerpt":{"rendered":"<p>Herrlicher Sonnenschein und Live-Blasmusik der W\u00fcrschnitztaler Musikanten sorgten f\u00fcr gute Laune beim Meibaumsetzen 2022 in Meusebach. Nachdem 2020 und 2021 kein Maibaumsetzen stattfinden konnte, waren<\/p>\n","protected":false},"author":1,"featured_media":0,"parent":1266,"menu_order":0,"comment_status":"closed","ping_status":"closed","template":"","meta":{"spay_email":"","footnotes":""},"class_list":["post-1264","page","type-page","status-publish","hentry"],"_links":{"self":[{"href":"https:\/\/ts.meusebach.de\/index.php?rest_route=\/wp\/v2\/pages\/1264","targetHints":{"allow":["GET"]}}],"collection":[{"href":"https:\/\/ts.meusebach.de\/index.php?rest_route=\/wp\/v2\/pages"}],"about":[{"href":"https:\/\/ts.meusebach.de\/index.php?rest_route=\/wp\/v2\/types\/page"}],"author":[{"embeddable":true,"href":"https:\/\/ts.meusebach.de\/index.php?rest_route=\/wp\/v2\/users\/1"}],"replies":[{"embeddable":true,"href":"https:\/\/ts.meusebach.de\/index.php?rest_route=%2Fwp%2Fv2%2Fcomments&post=1264"}],"version-history":[{"count":2,"href":"https:\/\/ts.meusebach.de\/index.php?rest_route=\/wp\/v2\/pages\/1264\/revisions"}],"predecessor-version":[{"id":1568,"href":"https:\/\/ts.meusebach.de\/index.php?rest_route=\/wp\/v2\/pages\/1264\/revisions\/1568"}],"up":[{"embeddable":true,"href":"https:\/\/ts.meusebach.de\/index.php?rest_route=\/wp\/v2\/pages\/1266"}],"wp:attachment":[{"href":"https:\/\/ts.meusebach.de\/index.php?rest_route=%2Fwp%2Fv2%2Fmedia&parent=1264"}],"curies":[{"name":"wp","href":"https:\/\/api.w.org\/{rel}","templated":true}]}}